{"id":132,"date":"2025-01-17T02:24:07","date_gmt":"2025-01-17T02:24:07","guid":{"rendered":"https:\/\/site2.aapcrz.org.br\/?page_id=132"},"modified":"2025-05-28T18:26:17","modified_gmt":"2025-05-28T18:26:17","slug":"estatuto","status":"publish","type":"page","link":"https:\/\/site2.aapcrz.org.br\/?page_id=132","title":{"rendered":"Estatuto"},"content":{"rendered":"\t\t<div data-elementor-type=\"wp-page\" data-elementor-id=\"132\" class=\"elementor elementor-132\">\n\t\t\t\t\t\t<section data-particle_enable=\"false\" data-particle-mobile-disabled=\"false\" class=\"elementor-section elementor-top-section elementor-element elementor-element-13ec2af0 elementor-section-boxed elementor-section-height-default elementor-section-height-default\" data-id=\"13ec2af0\" data-element_type=\"section\" data-e-type=\"section\" data-settings=\"{&quot;background_background&quot;:&quot;classic&quot;}\">\n\t\t\t\t\t\t\t<div class=\"elementor-background-overlay\"><\/div>\n\t\t\t\t\t\t\t<div class=\"elementor-container elementor-column-gap-default\">\n\t\t\t\t\t<div class=\"elementor-column elementor-col-100 elementor-top-column elementor-element elementor-element-4bb4da00\" data-id=\"4bb4da00\" data-element_type=\"column\" data-e-type=\"column\">\n\t\t\t<div class=\"elementor-widget-wrap elementor-element-populated\">\n\t\t\t\t\t\t<section data-particle_enable=\"false\" data-particle-mobile-disabled=\"false\" class=\"elementor-section elementor-inner-section elementor-element elementor-element-7492afde elementor-section-content-middle elementor-section-boxed elementor-section-height-default elementor-section-height-default\" data-id=\"7492afde\" data-element_type=\"section\" data-e-type=\"section\">\n\t\t\t\t\t\t<div class=\"elementor-container elementor-column-gap-default\">\n\t\t\t\t\t<div class=\"elementor-column elementor-col-50 elementor-inner-column elementor-element elementor-element-41ddf21a\" data-id=\"41ddf21a\" data-element_type=\"column\" data-e-type=\"column\">\n\t\t\t<div class=\"elementor-widget-wrap elementor-element-populated\">\n\t\t\t\t\t\t<div class=\"elementor-element elementor-element-476a9b47 elementor-invisible elementor-widget elementor-widget-heading\" data-id=\"476a9b47\" data-element_type=\"widget\" data-e-type=\"widget\" data-settings=\"{&quot;_animation&quot;:&quot;fadeInUp&quot;}\" data-widget_type=\"heading.default\">\n\t\t\t\t<div class=\"elementor-widget-container\">\n\t\t\t\t\t<h1 class=\"elementor-heading-title elementor-size-default\">Estatuto Social<\/h1>\t\t\t\t<\/div>\n\t\t\t\t<\/div>\n\t\t\t\t<div class=\"elementor-element elementor-element-66e2ae67 elementor-invisible elementor-widget elementor-widget-heading\" data-id=\"66e2ae67\" data-element_type=\"widget\" data-e-type=\"widget\" data-settings=\"{&quot;_animation&quot;:&quot;fadeInUp&quot;}\" data-widget_type=\"heading.default\">\n\t\t\t\t<div class=\"elementor-widget-container\">\n\t\t\t\t\t<h4 class=\"elementor-heading-title elementor-size-default\">Conhe\u00e7a nosso regramento e e deveres perante a sociedade.<\/h4>\t\t\t\t<\/div>\n\t\t\t\t<\/div>\n\t\t\t\t\t<\/div>\n\t\t<\/div>\n\t\t\t\t<div class=\"elementor-column elementor-col-50 elementor-inner-column elementor-element elementor-element-7fadb025\" data-id=\"7fadb025\" data-element_type=\"column\" data-e-type=\"column\" data-settings=\"{&quot;background_background&quot;:&quot;classic&quot;}\">\n\t\t\t<div class=\"elementor-widget-wrap elementor-element-populated\">\n\t\t\t\t\t\t<div class=\"elementor-element elementor-element-22d5bec elementor-widget elementor-widget-image\" data-id=\"22d5bec\" data-element_type=\"widget\" data-e-type=\"widget\" data-widget_type=\"image.default\">\n\t\t\t\t<div class=\"elementor-widget-container\">\n\t\t\t\t\t\t\t\t\t\t\t\t\t\t\t<img fetchpriority=\"high\" decoding=\"async\" width=\"768\" height=\"512\" src=\"https:\/\/site2.aapcrz.org.br\/wp-content\/uploads\/2025\/01\/business-people-studying-contract-terms-768x512.jpg\" class=\"attachment-medium_large size-medium_large wp-image-342\" alt=\"\" srcset=\"https:\/\/site2.aapcrz.org.br\/wp-content\/uploads\/2025\/01\/business-people-studying-contract-terms-768x512.jpg 768w, https:\/\/site2.aapcrz.org.br\/wp-content\/uploads\/2025\/01\/business-people-studying-contract-terms-300x200.jpg 300w, https:\/\/site2.aapcrz.org.br\/wp-content\/uploads\/2025\/01\/business-people-studying-contract-terms-1024x683.jpg 1024w, https:\/\/site2.aapcrz.org.br\/wp-content\/uploads\/2025\/01\/business-people-studying-contract-terms-1536x1024.jpg 1536w, https:\/\/site2.aapcrz.org.br\/wp-content\/uploads\/2025\/01\/business-people-studying-contract-terms-2048x1365.jpg 2048w\" sizes=\"(max-width: 768px) 100vw, 768px\" \/>\t\t\t\t\t\t\t\t\t\t\t\t\t\t\t<\/div>\n\t\t\t\t<\/div>\n\t\t\t\t\t<\/div>\n\t\t<\/div>\n\t\t\t\t\t<\/div>\n\t\t<\/section>\n\t\t\t\t\t<\/div>\n\t\t<\/div>\n\t\t\t\t\t<\/div>\n\t\t<\/section>\n\t\t\t\t<section data-particle_enable=\"false\" data-particle-mobile-disabled=\"false\" class=\"elementor-section elementor-top-section elementor-element elementor-element-28ad84f0 elementor-section-boxed elementor-section-height-default elementor-section-height-default\" data-id=\"28ad84f0\" data-element_type=\"section\" data-e-type=\"section\">\n\t\t\t\t\t\t<div class=\"elementor-container elementor-column-gap-default\">\n\t\t\t\t\t<div class=\"elementor-column elementor-col-100 elementor-top-column elementor-element elementor-element-e87b166 elementor-invisible\" data-id=\"e87b166\" data-element_type=\"column\" data-e-type=\"column\" data-settings=\"{&quot;animation&quot;:&quot;fadeIn&quot;,&quot;animation_delay&quot;:200}\">\n\t\t\t<div class=\"elementor-widget-wrap elementor-element-populated\">\n\t\t\t\t\t\t<div class=\"elementor-element elementor-element-403be04b elementor-widget elementor-widget-heading\" data-id=\"403be04b\" data-element_type=\"widget\" data-e-type=\"widget\" data-widget_type=\"heading.default\">\n\t\t\t\t<div class=\"elementor-widget-container\">\n\t\t\t\t\t<h3 class=\"elementor-heading-title elementor-size-default\">Estatuto Social da Associa\u00e7\u00e3o Amando o Pr\u00f3ximo<\/h3>\t\t\t\t<\/div>\n\t\t\t\t<\/div>\n\t\t\t\t<div class=\"elementor-element elementor-element-f867b01 elementor-widget elementor-widget-text-editor\" data-id=\"f867b01\" data-element_type=\"widget\" data-e-type=\"widget\" data-widget_type=\"text-editor.default\">\n\t\t\t\t<div class=\"elementor-widget-container\">\n\t\t\t\t\t\t\t\t\t<p style=\"font-weight: 400;\"><strong>CAP\u00cdTULO I<\/strong><\/p><p style=\"font-weight: 400;\"><strong>DA DENOMINA\u00c7\u00c3O, NATUREZA, SEDE E FINS.<\/strong><\/p><p style=\"font-weight: 400;\"><strong>Art. 1.<\/strong> A ASSOCIA\u00c7\u00c3O AMANDO O PR\u00d3XIMO, doravante denominada AAP, constitu\u00edda em 03\/02\/2012, com personalidade jur\u00eddica de direito privado, inscrita no CNPJ sob o n\u00famero 15.585.000\/0001-78, \u00e9 uma associa\u00e7\u00e3o filantr\u00f3pica, beneficente, sem fins lucrativos, de assist\u00eancia social, regida pelo presente estatuto e pelas demais disposi\u00e7\u00f5es legais pertinentes, tendo prazo de dura\u00e7\u00e3o indeterminado. Sua sede e foro est\u00e3o localizados na cidade de Cruzeiro, Estado de S\u00e3o Paulo, situada \u00e0 Rua Engenheiro Ant\u00f4nio Penido n\u00b0 19, Cep: 12701-050.<\/p><p style=\"font-weight: 400;\"><strong>Art. 2.<\/strong> A Associa\u00e7\u00e3o n\u00e3o possui car\u00e1ter patrimonial individual ou de sociedade sem fins beneficentes de assist\u00eancia social.<br \/><strong>\u00a71\u00ba &#8211;<\/strong> \u00c9 vedada \u00e0 organiza\u00e7\u00e3o a participa\u00e7\u00e3o em campanhas de interesse pol\u00edtico-partid\u00e1rio ou eleitoral, seja por quaisquer meios ou formas.<\/p><p style=\"font-weight: 400;\"><strong>CAP\u00cdTULO II<\/strong><\/p><p style=\"font-weight: 400;\"><strong>FINALIDADES E OBJETIVOS<\/strong><\/p><p style=\"font-weight: 400;\"><strong>Art. 3.<\/strong> A Associa\u00e7\u00e3o Amando o Pr\u00f3ximo tem por objetivos voltados \u00e0 promo\u00e7\u00e3o de atividades e finalidades de relev\u00e2ncia p\u00fablica e social, ofertando servi\u00e7os de atendimento de forma gratuita, universal, voltadas para o alcance dos seguintes objetivos sociais:<br \/><strong>I.<\/strong> Auxiliar no resgate da cidadania e dignidade de pessoas com dificuldade de inser\u00e7\u00e3o\/reinser\u00e7\u00e3o social, promovendo a reintegra\u00e7\u00e3o destas pessoas \u00e0s suas redes familiares e comunit\u00e1rias, o acesso pleno aos direitos dos cidad\u00e3os brasileiros e o acesso a oportunidades de desenvolvimento social pleno;<br \/><strong>II.<\/strong> Atuar na \u00e1rea da Pol\u00edtica de Assist\u00eancia Social, na perspectiva do Sistema \u00danico da Assist\u00eancia Social (SUAS), no que se refere ao atendimento na prote\u00e7\u00e3o social b\u00e1sica e especial, profissionaliza\u00e7\u00e3o e gera\u00e7\u00e3o de renda dos usu\u00e1rios e fam\u00edlias atendidas em situa\u00e7\u00e3o de vulnerabilidade e\/ou risco pessoal e social;<br \/><strong>III.<\/strong> Executar a\u00e7\u00f5es de car\u00e1ter continuado, permanente e planejado;<br \/><strong>IV.<\/strong> Assegurar que os servi\u00e7os, programas, projetos e benef\u00edcios socioassistenciais sejam ofertados na perspectiva da autonomia e garantia de direitos dos usu\u00e1rios;<br \/><strong>V.<\/strong> Garantir a exist\u00eancia de processos participativos dos usu\u00e1rios na busca do cumprimento da efetividade na execu\u00e7\u00e3o dos servi\u00e7os, programas, projetos e benef\u00edcios socioassistenciais;<br \/><strong>VI.<\/strong> Identificar fam\u00edlias e indiv\u00edduos em situa\u00e7\u00e3o de risco pessoal e social com direitos violados, a natureza das viola\u00e7\u00f5es, as condi\u00e7\u00f5es em que vivem, estrat\u00e9gias de sobreviv\u00eancia, proced\u00eancia, projetos de vida e rela\u00e7\u00f5es estabelecidas com as institui\u00e7\u00f5es;<br \/><strong>VII.<\/strong> Promover dentro dos seus recursos dispon\u00edveis a\u00e7\u00f5es para a reinser\u00e7\u00e3o familiar e comunit\u00e1ria de indiv\u00edduos e fam\u00edlias em situa\u00e7\u00e3o de risco pessoal e social que utilizam os espa\u00e7os p\u00fablicos como forma de moradia e\/ou sobreviv\u00eancia, respeitando o protagonismo das pessoas nas suas decis\u00f5es;<br \/><strong>VIII.<\/strong> Comprometer-se a seguir o Estatuto da Crian\u00e7a e do Adolescente, por meio de parcerias com iniciativas p\u00fablicas e privadas que visem ao aprimoramento do bem-estar social. Essas parcerias t\u00eam como objetivo fortalecer a rede de servi\u00e7os socioassistenciais, juntamente com outras redes, para implementar programas de prote\u00e7\u00e3o, socioeducativos e outros necess\u00e1rios para promover a defesa dos direitos das crian\u00e7as e dos adolescentes, de acordo com o Estatuto da Crian\u00e7a e do Adolescente;<br \/><strong>IX.<\/strong> Promover o bem-estar de todo aquele que dele necessitar, sem discrimina\u00e7\u00e3o de credo religioso ou pol\u00edtico, de ra\u00e7a ou nacionalidade, sexo ou posi\u00e7\u00e3o social, dentro dos recursos dispon\u00edveis, visando ao desenvolvimento integral, intelectual, f\u00edsico, psicol\u00f3gico, espiritual e social e ao combate \u00e0 pobreza;<br \/><strong>X.<\/strong> Promover a eleva\u00e7\u00e3o dos n\u00edveis socioecon\u00f4mico, cultural, educacional, profissional e de sa\u00fade de indiv\u00edduos e comunidades;<br \/><strong>XI.<\/strong> Promover a prote\u00e7\u00e3o \u00e0 fam\u00edlia, inf\u00e2ncia, adolesc\u00eancia, velhice e maternidade;<br \/><strong>XII.<\/strong> Promover o voluntariado;<br \/><strong>XIII.<\/strong> Promo\u00e7\u00e3o da seguran\u00e7a alimentar e nutricional;<br \/><strong>XIV.<\/strong> Promover, a\u00e7\u00f5es e atuar como facilitadora no processo de preven\u00e7\u00e3o de crian\u00e7as, adolescentes, jovens e adultos, relacionados ao uso nocivo ou depend\u00eancia de subst\u00e2ncia psicoativa;<br \/><strong>XV.<\/strong> Habilitar e reabilitar, inserir e integrar pessoas portadoras de Depend\u00eancia Qu\u00edmica \u00e0 vida dignidade, ao respeito, a liberdade e conviv\u00eancia familiar e comunit\u00e1ria;<br \/><strong>XVI.<\/strong> Promo\u00e7\u00e3o de atividades e finalidades de relev\u00e2ncia p\u00fablica e social correspondente ao objeto da parceria;<br \/><strong>XVII.<\/strong> Desenvolver a\u00e7\u00f5es que contribuam com a sociedade nas \u00e1reas da educa\u00e7\u00e3o, sa\u00fade, esporte, comunica\u00e7\u00e3o, arte e cultura, inclus\u00e3o social e gera\u00e7\u00e3o de renda, em parceria ou n\u00e3o com entidades p\u00fablicas e particulares;<br \/><strong>XVIII.<\/strong> Promover, desenvolver e executar projetos para a realiza\u00e7\u00e3o de atividades culturais, art\u00edsticas, esportivas e paradesportivas, que resgatem a cidadania de crian\u00e7as, adolescentes, jovens, adultos e idosos, visando o acesso universal e igualit\u00e1rio a este direito social; <br \/><strong>XIX.<\/strong> Produzir e difundir trabalhos escritos e audiovisuais, confer\u00eancias, congressos, debates e semin\u00e1rios que possam apoiar, assessorar, treinar e gerar programas de capacita\u00e7\u00e3o profissional para artistas e atletas.<\/p><p style=\"font-weight: 400;\"><strong>Art. 4.<\/strong> No desenvolvimento de suas atividades, a Associa\u00e7\u00e3o Amando Pr\u00f3ximo a fim de cumprir suas finalidades e objetivos sociais:<br \/><strong>I.<\/strong> Poder\u00e1 realizar bazares, feiras, organizar eventos sociais beneficentes, prestar servi\u00e7os. bem como comercializar produtos, cujos recursos ser\u00e3o destinados integralmente para a manuten\u00e7\u00e3o dos objetivos institucionais;<br \/><strong>II.<\/strong> Poder\u00e1 receber doa\u00e7\u00f5es, contribui\u00e7\u00f5es, heran\u00e7as, legados e qualquer outra modalidade de incentivo de pessoas f\u00edsicas e jur\u00eddicas, de direito p\u00fablico ou privado, nacionais e estrangeiras, bem como aux\u00edlios e subven\u00e7\u00f5es governamentais, com vistas \u00e0 consecu\u00e7\u00e3o de seus objetivos e finalidades a que se destina;<br \/><strong>III.<\/strong> Poder\u00e1 celebrar conv\u00eanios, contratos, termos de parceria, colabora\u00e7\u00e3o, fomento e acordos de coopera\u00e7\u00e3o com \u00f3rg\u00e3os p\u00fablicos, organiza\u00e7\u00f5es, funda\u00e7\u00f5es, entidades de classe, outras associa\u00e7\u00f5es e institui\u00e7\u00f5es financeiras p\u00fablicas ou privadas, empresas privadas, empresas p\u00fablicas e de economia mista, desde que o pacto n\u00e3o implique em sua subordina\u00e7\u00e3o ou vincula\u00e7\u00e3o a compromissos e interesses conflitantes com os objetivos da Associa\u00e7\u00e3o, nem arrisque sua independ\u00eancia;<br \/><strong>IV.<\/strong> Poder\u00e1 atuar em rede, com outras organiza\u00e7\u00f5es da sociedade civil, desde que n\u00e3o implique em sua subordina\u00e7\u00e3o ou vincula\u00e7\u00e3o a compromissos e interesses conflitantes com os objetivos da Associa\u00e7\u00e3o Amando o Pr\u00f3ximo;<br \/><strong>V.<\/strong> Organizar-se-\u00e1 em tantas unidades quantas se fizerem necess\u00e1rias, mediante a constru\u00e7\u00e3o de outras estruturas \u00e0s quais ser\u00e3o disciplinadas por delibera\u00e7\u00e3o da Diretoria referendadas pela Assembleia.<br \/><strong>VI.<\/strong> Manter interc\u00e2mbio e realizar trabalhos com entidades afins;<br \/><strong>VII.<\/strong> A Associa\u00e7\u00e3o poder\u00e1 prestar servi\u00e7os de radiodifus\u00e3o sonora, com finalidade educativa, art\u00edstica, cultural e informativa, respeito aos valores \u00e9ticos e sociais, em benef\u00edcio do desenvolvimento geral da comunidade, mediante concess\u00e3o, permiss\u00e3o ou autoriza\u00e7\u00e3o de explora\u00e7\u00e3o de radiodifus\u00e3o comunit\u00e1ria de acordo com a legisla\u00e7\u00e3o espec\u00edfica;<br \/><strong>VIII.<\/strong> A Associa\u00e7\u00e3o poder\u00e1 instituir filiais para desenvolver outros ramos de atividades com natureza empreendedora, com o objetivo de angariar receitas para manter suas finalidades estatut\u00e1rias e sociais, buscando sempre a auto sustentabilidade;<\/p><p style=\"font-weight: 400;\"><strong>CAP\u00cdTULO III<\/strong><\/p><p style=\"font-weight: 400;\"><strong>DOS ASSOCIADOS: SEUS DIREITOS E DEVERES<\/strong><\/p><p style=\"font-weight: 400;\"><strong>Art. 5.<\/strong> A Associa\u00e7\u00e3o ter\u00e1 as seguintes categorias de associados<\/p><p style=\"font-weight: 400;\"><strong>I. FUNDADORES:<\/strong> S\u00e3o considerados associados fundadores aqueles que participaram da cria\u00e7\u00e3o da entidade, conforme deliberado pela Assembleia Geral de Constitui\u00e7\u00e3o;<\/p><p style=\"font-weight: 400;\"><strong>II. COLABORADORES:<\/strong> S\u00e3o considerados associados colaboradores aqueles que se dedicarem regularmente \u00e0s atividades da Associa\u00e7\u00e3o, independentemente de integrarem os \u00f3rg\u00e3os diretivos da entidade;<\/p><p style=\"font-weight: 400;\"><strong>III. CONTRIBUINTES:<\/strong> S\u00e3o considerados associados contribuintes aqueles que realizarem contribui\u00e7\u00f5es volunt\u00e1rias regulares;<\/p><p style=\"font-weight: 400;\"><strong>IV. ELEG\u00cdVEL &#8211;<\/strong> Esta categoria \u00e9 constitu\u00edda pelos Associados Fundadores e demais associados que tenham solicitado a mudan\u00e7a de categoria dentro da associa\u00e7\u00e3o.<\/p><p style=\"font-weight: 400;\"><strong>\u00a71\u00ba<\/strong> &#8211; A admiss\u00e3o e a exclus\u00e3o dos associados \u00e9 atribui\u00e7\u00e3o da Assembleia Geral.<\/p><p style=\"font-weight: 400;\"><strong>\u00a72\u00ba<\/strong> &#8211; O associado, independentemente de sua categoria, n\u00e3o responde individual, solid\u00e1ria ou subsidiariamente pelas obriga\u00e7\u00f5es da Associa\u00e7\u00e3o, nem pelos atos praticados pelo Presidente, pela Diretoria Executiva ou pela Assembleia Geral.<\/p>\t\t\t\t\t\t\t\t<\/div>\n\t\t\t\t<\/div>\n\t\t\t\t\t<\/div>\n\t\t<\/div>\n\t\t\t\t\t<\/div>\n\t\t<\/section>\n\t\t\t\t<\/div>\n\t\t","protected":false},"excerpt":{"rendered":"<p>Estatuto Social Conhe\u00e7a nosso regramento e e deveres perante a sociedade. Estatuto Social da Associa\u00e7\u00e3o Amando o Pr\u00f3ximo CAP\u00cdTULO I DA DENOMINA\u00c7\u00c3O, NATUREZA, SEDE E FINS. Art. 1. A ASSOCIA\u00c7\u00c3O AMANDO O PR\u00d3XIMO, doravante denominada AAP, constitu\u00edda em 03\/02\/2012, com personalidade jur\u00eddica de direito privado, inscrita no CNPJ sob o n\u00famero 15.585.000\/0001-78, \u00e9 uma associa\u00e7\u00e3o [&hellip;]<\/p>\n","protected":false},"author":1,"featured_media":0,"parent":126,"menu_order":0,"comment_status":"closed","ping_status":"closed","template":"elementor_header_footer","meta":{"footnotes":""},"class_list":["post-132","page","type-page","status-publish","hentry"],"_links":{"self":[{"href":"https:\/\/site2.aapcrz.org.br\/index.php?rest_route=\/wp\/v2\/pages\/132","targetHints":{"allow":["GET"]}}],"collection":[{"href":"https:\/\/site2.aapcrz.org.br\/index.php?rest_route=\/wp\/v2\/pages"}],"about":[{"href":"https:\/\/site2.aapcrz.org.br\/index.php?rest_route=\/wp\/v2\/types\/page"}],"author":[{"embeddable":true,"href":"https:\/\/site2.aapcrz.org.br\/index.php?rest_route=\/wp\/v2\/users\/1"}],"replies":[{"embeddable":true,"href":"https:\/\/site2.aapcrz.org.br\/index.php?rest_route=%2Fwp%2Fv2%2Fcomments&post=132"}],"version-history":[{"count":36,"href":"https:\/\/site2.aapcrz.org.br\/index.php?rest_route=\/wp\/v2\/pages\/132\/revisions"}],"predecessor-version":[{"id":1168,"href":"https:\/\/site2.aapcrz.org.br\/index.php?rest_route=\/wp\/v2\/pages\/132\/revisions\/1168"}],"up":[{"embeddable":true,"href":"https:\/\/site2.aapcrz.org.br\/index.php?rest_route=\/wp\/v2\/pages\/126"}],"wp:attachment":[{"href":"https:\/\/site2.aapcrz.org.br\/index.php?rest_route=%2Fwp%2Fv2%2Fmedia&parent=132"}],"curies":[{"name":"wp","href":"https:\/\/api.w.org\/{rel}","templated":true}]}}