{"id":134,"date":"2025-01-17T02:24:28","date_gmt":"2025-01-17T02:24:28","guid":{"rendered":"https:\/\/site2.aapcrz.org.br\/?page_id=134"},"modified":"2025-05-27T21:36:33","modified_gmt":"2025-05-27T21:36:33","slug":"blog","status":"publish","type":"page","link":"https:\/\/site2.aapcrz.org.br\/?page_id=134","title":{"rendered":"Blog"},"content":{"rendered":"\t\t<div data-elementor-type=\"wp-page\" data-elementor-id=\"134\" class=\"elementor elementor-134\">\n\t\t\t\t\t\t<section data-particle_enable=\"false\" data-particle-mobile-disabled=\"false\" class=\"elementor-section elementor-top-section elementor-element elementor-element-2c1dd1bb elementor-section-boxed elementor-section-height-default elementor-section-height-default\" data-id=\"2c1dd1bb\" data-element_type=\"section\" data-e-type=\"section\" data-settings=\"{&quot;background_background&quot;:&quot;classic&quot;}\">\n\t\t\t\t\t\t\t<div class=\"elementor-background-overlay\"><\/div>\n\t\t\t\t\t\t\t<div class=\"elementor-container elementor-column-gap-default\">\n\t\t\t\t\t<div class=\"elementor-column elementor-col-100 elementor-top-column elementor-element elementor-element-55c81441\" data-id=\"55c81441\" data-element_type=\"column\" data-e-type=\"column\">\n\t\t\t<div class=\"elementor-widget-wrap elementor-element-populated\">\n\t\t\t\t\t\t<section data-particle_enable=\"false\" data-particle-mobile-disabled=\"false\" class=\"elementor-section elementor-inner-section elementor-element elementor-element-1053a9ac elementor-section-content-middle elementor-section-boxed elementor-section-height-default elementor-section-height-default\" data-id=\"1053a9ac\" data-element_type=\"section\" data-e-type=\"section\">\n\t\t\t\t\t\t<div class=\"elementor-container elementor-column-gap-default\">\n\t\t\t\t\t<div class=\"elementor-column elementor-col-100 elementor-inner-column elementor-element elementor-element-3c05f775\" data-id=\"3c05f775\" data-element_type=\"column\" data-e-type=\"column\">\n\t\t\t<div class=\"elementor-widget-wrap elementor-element-populated\">\n\t\t\t\t\t\t<div class=\"elementor-element elementor-element-707407b6 elementor-invisible elementor-widget elementor-widget-heading\" data-id=\"707407b6\" data-element_type=\"widget\" data-e-type=\"widget\" data-settings=\"{&quot;_animation&quot;:&quot;fadeInUp&quot;}\" data-widget_type=\"heading.default\">\n\t\t\t\t<div class=\"elementor-widget-container\">\n\t\t\t\t\t<h1 class=\"elementor-heading-title elementor-size-default\">Not\u00edcias e Artigos<\/h1>\t\t\t\t<\/div>\n\t\t\t\t<\/div>\n\t\t\t\t\t<\/div>\n\t\t<\/div>\n\t\t\t\t\t<\/div>\n\t\t<\/section>\n\t\t\t\t\t<\/div>\n\t\t<\/div>\n\t\t\t\t\t<\/div>\n\t\t<\/section>\n\t\t\t\t<section data-particle_enable=\"false\" data-particle-mobile-disabled=\"false\" class=\"elementor-section elementor-top-section elementor-element elementor-element-39acd4cd elementor-section-boxed elementor-section-height-default elementor-section-height-default\" data-id=\"39acd4cd\" data-element_type=\"section\" data-e-type=\"section\">\n\t\t\t\t\t\t<div class=\"elementor-container elementor-column-gap-default\">\n\t\t\t\t\t<div class=\"elementor-column elementor-col-100 elementor-top-column elementor-element elementor-element-21573cbf elementor-invisible\" data-id=\"21573cbf\" data-element_type=\"column\" data-e-type=\"column\" data-settings=\"{&quot;animation&quot;:&quot;fadeIn&quot;,&quot;animation_delay&quot;:200}\">\n\t\t\t<div class=\"elementor-widget-wrap elementor-element-populated\">\n\t\t\t\t\t\t<div class=\"elementor-element elementor-element-699400d elementor-grid-eael-col-4 elementor-grid-tablet-eael-col-2 elementor-grid-mobile-eael-col-1 elementor-widget elementor-widget-eael-post-grid\" data-id=\"699400d\" data-element_type=\"widget\" data-e-type=\"widget\" data-settings=\"{&quot;eael_post_grid_columns&quot;:&quot;eael-col-4&quot;,&quot;eael_post_grid_columns_tablet&quot;:&quot;eael-col-2&quot;,&quot;eael_post_grid_columns_mobile&quot;:&quot;eael-col-1&quot;}\" data-widget_type=\"eael-post-grid.default\">\n\t\t\t\t<div class=\"elementor-widget-container\">\n\t\t\t\t\t<div id=\"eael-post-grid-699400d\" class=\"eael-post-grid-container\">\n            <div class=\"eael-post-grid eael-post-appender eael-post-appender-699400d eael-post-grid-style-two\" data-layout-mode=\"masonry\"><article class=\"eael-grid-post  eael-post-grid-column eael-pg-post-253 category-uncategorized\" data-id=\"253\">\n    <div class=\"eael-grid-post-holder\">\n        <div class=\"eael-grid-post-holder-inner\"><div class=\"eael-entry-wrapper\"><header class=\"eael-entry-header\"><h5 class=\"eael-entry-title\"><a class=\"eael-grid-post-link\" href=\"https:\/\/site2.aapcrz.org.br\/?p=253\" title=\"Quem somos ?\">Quem somos ?<\/a><\/h5><\/header><div class=\"eael-entry-content\">\n                                <div class=\"eael-grid-post-excerpt\"><p>Fundada em 03 de fevereiro de 2012, a AAP- Associa\u00e7\u00e3o Amando o Pr\u00f3ximo, constituiu-se como uma organiza\u00e7\u00e3o sem fins lucrativos...<\/p><a href=\"https:\/\/site2.aapcrz.org.br\/?p=253\" class=\"eael-post-elements-readmore-btn\">Leia mais<\/a><\/div>\n                            <\/div><\/div><\/div>\n    <\/div>\n<\/article><article class=\"eael-grid-post  eael-post-grid-column eael-pg-post-300 category-uncategorized\" data-id=\"300\">\n    <div class=\"eael-grid-post-holder\">\n        <div class=\"eael-grid-post-holder-inner\"><div class=\"eael-entry-wrapper\"><header class=\"eael-entry-header\"><h5 class=\"eael-entry-title\"><a class=\"eael-grid-post-link\" href=\"https:\/\/site2.aapcrz.org.br\/?p=300\" title=\"Pessoas em Situa\u00e7\u00e3o de Rua #PodSUAS #Assist\u00eanciaSocial #Podcast\">Pessoas em Situa\u00e7\u00e3o de Rua #PodSUAS #Assist\u00eanciaSocial #Podcast<\/a><\/h5><\/header><div class=\"eael-entry-content\">\n                                <div class=\"eael-grid-post-excerpt\"><p>(mar\u00e7o 12, 2024)<\/p><a href=\"https:\/\/site2.aapcrz.org.br\/?p=300\" class=\"eael-post-elements-readmore-btn\">Leia mais<\/a><\/div>\n                            <\/div><\/div><\/div>\n    <\/div>\n<\/article><article class=\"eael-grid-post  eael-post-grid-column eael-pg-post-320 category-uncategorized\" data-id=\"320\">\n    <div class=\"eael-grid-post-holder\">\n        <div class=\"eael-grid-post-holder-inner\"><div class=\"eael-entry-wrapper\"><header class=\"eael-entry-header\"><h5 class=\"eael-entry-title\"><a class=\"eael-grid-post-link\" href=\"https:\/\/site2.aapcrz.org.br\/?p=320\" title=\"Fatec Cruzeiro realiza entrega de 400 kg de alimento para AAP\">Fatec Cruzeiro realiza entrega de 400 kg de alimento para<\/a><\/h5><\/header><div class=\"eael-entry-content\">\n                                <div class=\"eael-grid-post-excerpt\"><p>(outubro 27, 2016) Fatec Cruzeiro realiza entrega de 400 kg de alimentos que ajudar\u00e3o ex-moradores de rua. (Saiba mais:&nbsp;http:\/\/goo.gl\/Gjgm8A) No...<\/p><a href=\"https:\/\/site2.aapcrz.org.br\/?p=320\" class=\"eael-post-elements-readmore-btn\">Leia mais<\/a><\/div>\n                            <\/div><\/div><\/div>\n    <\/div>\n<\/article><article class=\"eael-grid-post  eael-post-grid-column eael-pg-post-270 category-uncategorized\" data-id=\"270\">\n    <div class=\"eael-grid-post-holder\">\n        <div class=\"eael-grid-post-holder-inner\"><div class=\"eael-entry-wrapper\"><header class=\"eael-entry-header\"><h5 class=\"eael-entry-title\"><a class=\"eael-grid-post-link\" href=\"https:\/\/site2.aapcrz.org.br\/?p=270\" title=\"Estatuto\">Estatuto<\/a><\/h5><\/header><div class=\"eael-entry-content\">\n                                <div class=\"eael-grid-post-excerpt\"><p>ESTATUTO SOCIAL DA ASSOCIA\u00c7\u00c3O AMANDO O PR\u00d3XIMO Cap\u00edtulo I DA DENOMINA\u00c7\u00c3O, NATUREZA, SEDE E FINS. &nbsp;&nbsp;&nbsp;&nbsp;&nbsp;&nbsp;&nbsp;&nbsp;&nbsp;&nbsp;&nbsp;&nbsp; Art. 1.&nbsp;&nbsp;A ASSOCIA\u00c7\u00c3O AMANDO...<\/p><a href=\"https:\/\/site2.aapcrz.org.br\/?p=270\" class=\"eael-post-elements-readmore-btn\">Leia mais<\/a><\/div>\n                            <\/div><\/div><\/div>\n    <\/div>\n<\/article><article class=\"eael-grid-post  eael-post-grid-column eael-pg-post-302 category-uncategorized\" data-id=\"302\">\n    <div class=\"eael-grid-post-holder\">\n        <div class=\"eael-grid-post-holder-inner\"><div class=\"eael-entry-wrapper\"><header class=\"eael-entry-header\"><h5 class=\"eael-entry-title\"><a class=\"eael-grid-post-link\" href=\"https:\/\/site2.aapcrz.org.br\/?p=302\" title=\"Estagi\u00e1rios de Psicologia\">Estagi\u00e1rios de Psicologia<\/a><\/h5><\/header><div class=\"eael-entry-content\">\n                                <div class=\"eael-grid-post-excerpt\"><p>Os estagi\u00e1rios de psicologia realizaram a din\u00e2mica do l\u00e1pis de cor com os usu\u00e1rios, onde cada um diz o que...<\/p><a href=\"https:\/\/site2.aapcrz.org.br\/?p=302\" class=\"eael-post-elements-readmore-btn\">Leia mais<\/a><\/div>\n                            <\/div><\/div><\/div>\n    <\/div>\n<\/article><article class=\"eael-grid-post  eael-post-grid-column eael-pg-post-258 category-uncategorized\" data-id=\"258\">\n    <div class=\"eael-grid-post-holder\">\n        <div class=\"eael-grid-post-holder-inner\"><div class=\"eael-entry-wrapper\"><header class=\"eael-entry-header\"><h5 class=\"eael-entry-title\"><a class=\"eael-grid-post-link\" href=\"https:\/\/site2.aapcrz.org.br\/?p=258\" title=\"Diretoria\">Diretoria<\/a><\/h5><\/header><div class=\"eael-entry-content\">\n                                <div class=\"eael-grid-post-excerpt\"><p>Mandato 2012 - 2016PR JO\u00c3O FREIREEX-PRESIDENTE Mandato 2016 - 2024PR RIBEIROEX-PRESIDENTE Mandato 2024 - 2028PR ROG\u00c9RIO SILV\u00c9RIO PEREIRAPRESIDENTE Diretor FinanceiroF\u00e1bio...<\/p><a href=\"https:\/\/site2.aapcrz.org.br\/?p=258\" class=\"eael-post-elements-readmore-btn\">Leia mais<\/a><\/div>\n                            <\/div><\/div><\/div>\n    <\/div>\n<\/article><article class=\"eael-grid-post  eael-post-grid-column eael-pg-post-288 category-uncategorized\" data-id=\"288\">\n    <div class=\"eael-grid-post-holder\">\n        <div class=\"eael-grid-post-holder-inner\"><div class=\"eael-entry-wrapper\"><header class=\"eael-entry-header\"><h5 class=\"eael-entry-title\"><a class=\"eael-grid-post-link\" href=\"https:\/\/site2.aapcrz.org.br\/?p=288\" title=\"Balan\u00e7o Patrimonial AAP\">Balan\u00e7o Patrimonial AAP<\/a><\/h5><\/header><div class=\"eael-entry-content\">\n                                <div class=\"eael-grid-post-excerpt\"><p>Transpar\u00eancia Controle social dos cidad\u00e3os em cumprimento da Lei de Acesso \u00e0 Informa\u00e7\u00e3o (Lei n\u00ba 12.527\/2011), em cumprimento da&nbsp;LEI N\u00ba...<\/p><a href=\"https:\/\/site2.aapcrz.org.br\/?p=288\" class=\"eael-post-elements-readmore-btn\">Leia mais<\/a><\/div>\n                            <\/div><\/div><\/div>\n    <\/div>\n<\/article><article class=\"eael-grid-post  eael-post-grid-column eael-pg-post-1401 category-uncategorized\" data-id=\"1401\">\n    <div class=\"eael-grid-post-holder\">\n        <div class=\"eael-grid-post-holder-inner\"><div class=\"eael-entry-wrapper\"><header class=\"eael-entry-header\"><h5 class=\"eael-entry-title\"><a class=\"eael-grid-post-link\" href=\"https:\/\/site2.aapcrz.org.br\/?p=1401\" title=\"Ato Convocat\u00f3rio: Cota\u00e7\u00e3o Pr\u00e9via para o projeto FOR\u00c7A E DISCIPLINA &#8211; JUD\u00d4 (AAP &#8211; NOVA ESPERAN\u00c7A)\">Ato Convocat\u00f3rio: Cota\u00e7\u00e3o Pr\u00e9via para o projeto FOR\u00c7A E DISCIPLINA<\/a><\/h5><\/header><div class=\"eael-entry-content\">\n                                <div class=\"eael-grid-post-excerpt\"><p>Ato Convocat\u00f3rio &#8211; Projeto Jud\u00f4 (AAP).pdf COTA\u00c7\u00c3O PR\u00c9VIA DE VALORES PARA OFERECIMENTO DE SERVI\u00c7OS E MATERIAIS PARA O PROJETO: FOR\u00c7A...<\/p><a href=\"https:\/\/site2.aapcrz.org.br\/?p=1401\" class=\"eael-post-elements-readmore-btn\">Leia mais<\/a><\/div>\n                            <\/div><\/div><\/div>\n    <\/div>\n<\/article><\/div>\n            <div class=\"clearfix\"><\/div>\n        <\/div>            <div class=\"eael-load-more-button-wrap\">\n                <button class=\"eael-load-more-button\" id=\"eael-load-more-btn-699400d\" data-widget-id=\"699400d\" data-widget=\"699400d\" data-page-id=\"134\" data-template=\"{&quot;dir&quot;:&quot;lite&quot;,&quot;file_name&quot;:&quot;two.php&quot;,&quot;name&quot;:&quot;Post-Grid&quot;}\" data-class=\"Essential_Addons_Elementor\\Elements\\Post_Grid\" data-layout=\"masonry\" data-page=\"1\" data-args=\"orderby=title&amp;order=desc&amp;ignore_sticky_posts=1&amp;post_status=publish&amp;posts_per_page=8&amp;offset=0&amp;post_type=post\" data-max-page=\"2\">\n                    <span class=\"eael-btn-loader button__loader\"><\/span>\n                    <span class=\"eael_load_more_text\">Carregar mais<\/span>\n                <\/button>\n            <\/div>\n            \t\t\t\t<\/div>\n\t\t\t\t<\/div>\n\t\t\t\t\t<\/div>\n\t\t<\/div>\n\t\t\t\t\t<\/div>\n\t\t<\/section>\n\t\t\t\t<\/div>\n\t\t","protected":false},"excerpt":{"rendered":"<p>Not\u00edcias e Artigos Quem somos ? Fundada em 03 de fevereiro de 2012, a AAP- Associa\u00e7\u00e3o Amando o Pr\u00f3ximo, constituiu-se como uma organiza\u00e7\u00e3o sem fins lucrativos&#8230; Leia mais Pessoas em Situa\u00e7\u00e3o de Rua #PodSUAS #Assist\u00eanciaSocial #Podcast (mar\u00e7o 12, 2024) Leia mais Fatec Cruzeiro realiza entrega de 400 kg de alimento para (outubro 27, 2016) Fatec [&hellip;]<\/p>\n","protected":false},"author":1,"featured_media":0,"parent":0,"menu_order":0,"comment_status":"closed","ping_status":"closed","template":"","meta":{"footnotes":""},"class_list":["post-134","page","type-page","status-publish","hentry"],"_links":{"self":[{"href":"https:\/\/site2.aapcrz.org.br\/index.php?rest_route=\/wp\/v2\/pages\/134","targetHints":{"allow":["GET"]}}],"collection":[{"href":"https:\/\/site2.aapcrz.org.br\/index.php?rest_route=\/wp\/v2\/pages"}],"about":[{"href":"https:\/\/site2.aapcrz.org.br\/index.php?rest_route=\/wp\/v2\/types\/page"}],"author":[{"embeddable":true,"href":"https:\/\/site2.aapcrz.org.br\/index.php?rest_route=\/wp\/v2\/users\/1"}],"replies":[{"embeddable":true,"href":"https:\/\/site2.aapcrz.org.br\/index.php?rest_route=%2Fwp%2Fv2%2Fcomments&post=134"}],"version-history":[{"count":30,"href":"https:\/\/site2.aapcrz.org.br\/index.php?rest_route=\/wp\/v2\/pages\/134\/revisions"}],"predecessor-version":[{"id":1187,"href":"https:\/\/site2.aapcrz.org.br\/index.php?rest_route=\/wp\/v2\/pages\/134\/revisions\/1187"}],"wp:attachment":[{"href":"https:\/\/site2.aapcrz.org.br\/index.php?rest_route=%2Fwp%2Fv2%2Fmedia&parent=134"}],"curies":[{"name":"wp","href":"https:\/\/api.w.org\/{rel}","templated":true}]}}