{"id":136,"date":"2025-01-17T02:24:54","date_gmt":"2025-01-17T02:24:54","guid":{"rendered":"https:\/\/site2.aapcrz.org.br\/?page_id=136"},"modified":"2025-05-29T21:00:19","modified_gmt":"2025-05-29T21:00:19","slug":"aap-cruzeiro","status":"publish","type":"page","link":"https:\/\/site2.aapcrz.org.br\/?page_id=136","title":{"rendered":"AAP &#8211; Cruzeiro"},"content":{"rendered":"\t\t<div data-elementor-type=\"wp-page\" data-elementor-id=\"136\" class=\"elementor elementor-136\">\n\t\t\t\t\t\t<section data-particle_enable=\"false\" data-particle-mobile-disabled=\"false\" class=\"elementor-section elementor-top-section elementor-element elementor-element-6a6732b0 elementor-section-boxed elementor-section-height-default elementor-section-height-default\" data-id=\"6a6732b0\" data-element_type=\"section\" data-e-type=\"section\" data-settings=\"{&quot;background_background&quot;:&quot;classic&quot;}\">\n\t\t\t\t\t\t\t<div class=\"elementor-background-overlay\"><\/div>\n\t\t\t\t\t\t\t<div class=\"elementor-container elementor-column-gap-default\">\n\t\t\t\t\t<div class=\"elementor-column elementor-col-100 elementor-top-column elementor-element elementor-element-1205f285\" data-id=\"1205f285\" data-element_type=\"column\" data-e-type=\"column\">\n\t\t\t<div class=\"elementor-widget-wrap elementor-element-populated\">\n\t\t\t\t\t\t<section data-particle_enable=\"false\" data-particle-mobile-disabled=\"false\" class=\"elementor-section elementor-inner-section elementor-element elementor-element-28ede4f5 elementor-section-content-middle elementor-section-boxed elementor-section-height-default elementor-section-height-default\" data-id=\"28ede4f5\" data-element_type=\"section\" data-e-type=\"section\">\n\t\t\t\t\t\t<div class=\"elementor-container elementor-column-gap-default\">\n\t\t\t\t\t<div class=\"elementor-column elementor-col-50 elementor-inner-column elementor-element elementor-element-649a0651\" data-id=\"649a0651\" data-element_type=\"column\" data-e-type=\"column\">\n\t\t\t<div class=\"elementor-widget-wrap elementor-element-populated\">\n\t\t\t\t\t\t<div class=\"elementor-element elementor-element-4df70d52 elementor-invisible elementor-widget elementor-widget-heading\" data-id=\"4df70d52\" data-element_type=\"widget\" data-e-type=\"widget\" data-settings=\"{&quot;_animation&quot;:&quot;fadeInUp&quot;}\" data-widget_type=\"heading.default\">\n\t\t\t\t<div class=\"elementor-widget-container\">\n\t\t\t\t\t<h1 class=\"elementor-heading-title elementor-size-default\">AAP - CRUZEIRO<\/h1>\t\t\t\t<\/div>\n\t\t\t\t<\/div>\n\t\t\t\t<div class=\"elementor-element elementor-element-7acadd4a elementor-invisible elementor-widget elementor-widget-heading\" data-id=\"7acadd4a\" data-element_type=\"widget\" data-e-type=\"widget\" data-settings=\"{&quot;_animation&quot;:&quot;fadeInUp&quot;}\" data-widget_type=\"heading.default\">\n\t\t\t\t<div class=\"elementor-widget-container\">\n\t\t\t\t\t<h4 class=\"elementor-heading-title elementor-size-default\">Fundada em 2012 com o objetivo de zelar pelas pessoas em situa\u00e7\u00e3o e rua e de vulnerabilidade social.<\/h4>\t\t\t\t<\/div>\n\t\t\t\t<\/div>\n\t\t\t\t\t<\/div>\n\t\t<\/div>\n\t\t\t\t<div class=\"elementor-column elementor-col-50 elementor-inner-column elementor-element elementor-element-edca46b\" data-id=\"edca46b\" data-element_type=\"column\" data-e-type=\"column\" data-settings=\"{&quot;background_background&quot;:&quot;classic&quot;}\">\n\t\t\t<div class=\"elementor-widget-wrap elementor-element-populated\">\n\t\t\t\t\t\t<div class=\"elementor-element elementor-element-bdac39c elementor-widget elementor-widget-image\" data-id=\"bdac39c\" data-element_type=\"widget\" data-e-type=\"widget\" data-widget_type=\"image.default\">\n\t\t\t\t<div class=\"elementor-widget-container\">\n\t\t\t\t\t\t\t\t\t\t\t\t\t\t\t<img fetchpriority=\"high\" decoding=\"async\" width=\"300\" height=\"300\" src=\"https:\/\/site2.aapcrz.org.br\/wp-content\/uploads\/2025\/01\/01-LOGO-MATRIZ-300x300.png\" class=\"attachment-medium size-medium wp-image-1084\" alt=\"\" srcset=\"https:\/\/site2.aapcrz.org.br\/wp-content\/uploads\/2025\/01\/01-LOGO-MATRIZ-300x300.png 300w, https:\/\/site2.aapcrz.org.br\/wp-content\/uploads\/2025\/01\/01-LOGO-MATRIZ-1024x1024.png 1024w, https:\/\/site2.aapcrz.org.br\/wp-content\/uploads\/2025\/01\/01-LOGO-MATRIZ-150x150.png 150w, https:\/\/site2.aapcrz.org.br\/wp-content\/uploads\/2025\/01\/01-LOGO-MATRIZ-768x768.png 768w, https:\/\/site2.aapcrz.org.br\/wp-content\/uploads\/2025\/01\/01-LOGO-MATRIZ-1536x1536.png 1536w, https:\/\/site2.aapcrz.org.br\/wp-content\/uploads\/2025\/01\/01-LOGO-MATRIZ.png 1563w\" sizes=\"(max-width: 300px) 100vw, 300px\" \/>\t\t\t\t\t\t\t\t\t\t\t\t\t\t\t<\/div>\n\t\t\t\t<\/div>\n\t\t\t\t\t<\/div>\n\t\t<\/div>\n\t\t\t\t\t<\/div>\n\t\t<\/section>\n\t\t\t\t\t<\/div>\n\t\t<\/div>\n\t\t\t\t\t<\/div>\n\t\t<\/section>\n\t\t\t\t<section data-particle_enable=\"false\" data-particle-mobile-disabled=\"false\" class=\"elementor-section elementor-top-section elementor-element elementor-element-68b263e elementor-section-boxed elementor-section-height-default elementor-section-height-default\" data-id=\"68b263e\" data-element_type=\"section\" data-e-type=\"section\">\n\t\t\t\t\t\t<div class=\"elementor-container elementor-column-gap-default\">\n\t\t\t\t\t<div class=\"elementor-column elementor-col-100 elementor-top-column elementor-element elementor-element-63c5a128 elementor-invisible\" data-id=\"63c5a128\" data-element_type=\"column\" data-e-type=\"column\" data-settings=\"{&quot;animation&quot;:&quot;fadeIn&quot;,&quot;animation_delay&quot;:200}\">\n\t\t\t<div class=\"elementor-widget-wrap elementor-element-populated\">\n\t\t\t\t\t\t<div class=\"elementor-element elementor-element-792ca419 elementor-widget elementor-widget-heading\" data-id=\"792ca419\" data-element_type=\"widget\" data-e-type=\"widget\" data-widget_type=\"heading.default\">\n\t\t\t\t<div class=\"elementor-widget-container\">\n\t\t\t\t\t<h3 class=\"elementor-heading-title elementor-size-default\">O in\u00edcio<\/h3>\t\t\t\t<\/div>\n\t\t\t\t<\/div>\n\t\t\t\t<div class=\"elementor-element elementor-element-27ad7968 elementor-widget elementor-widget-text-editor\" data-id=\"27ad7968\" data-element_type=\"widget\" data-e-type=\"widget\" data-widget_type=\"text-editor.default\">\n\t\t\t\t<div class=\"elementor-widget-container\">\n\t\t\t\t\t\t\t\t\t<p>A Associa\u00e7\u00e3o Amando o Pr\u00f3ximo foi fundada em 03 de fevereiro de 2012 por um grupo de pessoas sensibilizadas pela exclus\u00e3o social enfrentada pelos chamados &#8220;moradores de rua&#8221;. Trata-se de uma organiza\u00e7\u00e3o sem fins lucrativos cuja miss\u00e3o \u00e9 auxiliar no resgate da cidadania e dignidade de pessoas com dificuldade de inser\u00e7\u00e3o\/reinser\u00e7\u00e3o social.<\/p><p>Seu objetivo \u00e9 promover a (re)integra\u00e7\u00e3o dessas pessoas em suas redes familiares e comunit\u00e1rias, garantindo o acesso pelno aos direitos assegurados aos cidad\u00e3os brasileiros e \u00e0s oportunidades de desenvolvimento social.<\/p><p>A Associa\u00e7\u00e3o Amando o Pr\u00f3ximo \u00e9 uma organiza\u00e7\u00e3o sem fins lucrativos que atua na reinser\u00e7\u00e3o social de pessoas em situa\u00e7\u00e3o de vulnerabilidade.<br \/>Desde sua origem, a Associa\u00e7\u00e3o Amando o Pr\u00f3ximo tem como p\u00fablico-alvo as pessoas em situa\u00e7\u00e3o de rua. Embora sua funda\u00e7\u00e3o oficial tenha ocorrido em 2012, o trabalho com essa popula\u00e7\u00e3o come\u00e7ou anteriormente, em 26 de fevereiro de 2010, com o Projeto Amando o Pr\u00f3ximo.<\/p><p>Esse projeto foi iniciado por um grupo de pessoas da Igreja Batista Renovada Monte Gerizim, da cidade de Cruzeiro\/SP. No in\u00edcio, as a\u00e7\u00f5es eram realizadas de forma humanit\u00e1ria e volunt\u00e1ria, em reuni\u00f5es na casa da Irm\u00e3 Auxiliadora, envolvendo sua fam\u00edlia e outras pessoas engajadas e sensibilizadas pela exclus\u00e3o social enfrentada pela popula\u00e7\u00e3o em situa\u00e7\u00e3o de rua. Com o tempo, o trabalho se profissionalizou e, em 2012, a associa\u00e7\u00e3o adquiriu personalidade jur\u00eddica.<\/p><p><strong>Principais Conquistas e Parcerias<\/strong><\/p><p>\u2714 2012 \u2013 Registro oficial da associa\u00e7\u00e3o e in\u00edcio das atividades institucionais.<br \/>\u2714 2015 \u2013 Primeiro conv\u00eanio com a Prefeitura de Cruzeiro\/SP, atuando na Prote\u00e7\u00e3o Social Especial de M\u00e9dia Complexidade, no Servi\u00e7o Especializado de Abordagem Social.<br \/>\u2714 2020 \u2013 In\u00edcio da atua\u00e7\u00e3o na Prote\u00e7\u00e3o Social Especial de Alta Complexidade, na modalidade Casa de Passagem para Popula\u00e7\u00e3o em Situa\u00e7\u00e3o de Rua.<br \/>\u2714 Certificado de Entidade Beneficente de Assist\u00eancia Social (CEBAS).<br \/>\u2714 Certificado de Regularidade Cadastral de Entidades (CREE).<br \/>\u2714 Cadastro no sistema PR\u00d3-SOCIAL (DRADS Vale do Para\u00edba).<\/p><p><strong>Compromisso e Futuro<\/strong><\/p><p>A Associa\u00e7\u00e3o Amando o Pr\u00f3ximo segue firme em sua miss\u00e3o de proporcionar dignidade e oportunidades para aqueles que mais precisam, expandindo seus projetos e fortalecendo sua atua\u00e7\u00e3o na cidade de Cruzeiro\/SP.<\/p>\t\t\t\t\t\t\t\t<\/div>\n\t\t\t\t<\/div>\n\t\t\t\t<div class=\"elementor-element elementor-element-3f0dd15 elementor-arrows-position-inside elementor-pagination-position-outside elementor-widget elementor-widget-image-carousel\" data-id=\"3f0dd15\" data-element_type=\"widget\" data-e-type=\"widget\" data-settings=\"{&quot;slides_to_show&quot;:&quot;6&quot;,&quot;navigation&quot;:&quot;both&quot;,&quot;autoplay&quot;:&quot;yes&quot;,&quot;pause_on_hover&quot;:&quot;yes&quot;,&quot;pause_on_interaction&quot;:&quot;yes&quot;,&quot;autoplay_speed&quot;:5000,&quot;infinite&quot;:&quot;yes&quot;,&quot;speed&quot;:500}\" data-widget_type=\"image-carousel.default\">\n\t\t\t\t<div class=\"elementor-widget-container\">\n\t\t\t\t\t\t\t<div class=\"elementor-image-carousel-wrapper swiper\" role=\"region\" aria-roledescription=\"carousel\" aria-label=\"Carrossel de imagens\" dir=\"ltr\">\n\t\t\t<div class=\"elementor-image-carousel swiper-wrapper\" aria-live=\"off\">\n\t\t\t\t\t\t\t\t<div class=\"swiper-slide\" role=\"group\" aria-roledescription=\"slide\" aria-label=\"1 de 7\"><a data-elementor-open-lightbox=\"yes\" data-elementor-lightbox-slideshow=\"3f0dd15\" data-elementor-lightbox-title=\"Imagem do WhatsApp de 2025-03-13 \u00e0(s) 14.22.10_0f0fb2f9\" data-e-action-hash=\"#elementor-action%3Aaction%3Dlightbox%26settings%3DeyJpZCI6NzkyLCJ1cmwiOiJodHRwczpcL1wvc2l0ZTIuYWFwY3J6Lm9yZy5iclwvd3AtY29udGVudFwvdXBsb2Fkc1wvMjAyNVwvMDNcL0ltYWdlbS1kby1XaGF0c0FwcC1kZS0yMDI1LTAzLTEzLWFzLTE0LjIyLjEwXzBmMGZiMmY5LmpwZyIsInNsaWRlc2hvdyI6IjNmMGRkMTUifQ%3D%3D\" href=\"https:\/\/site2.aapcrz.org.br\/wp-content\/uploads\/2025\/03\/Imagem-do-WhatsApp-de-2025-03-13-as-14.22.10_0f0fb2f9.jpg\"><figure class=\"swiper-slide-inner\"><img decoding=\"async\" class=\"swiper-slide-image\" src=\"https:\/\/site2.aapcrz.org.br\/wp-content\/uploads\/2025\/03\/Imagem-do-WhatsApp-de-2025-03-13-as-14.22.10_0f0fb2f9-150x150.jpg\" alt=\"Imagem do WhatsApp de 2025-03-13 \u00e0(s) 14.22.10_0f0fb2f9\" \/><\/figure><\/a><\/div><div class=\"swiper-slide\" role=\"group\" aria-roledescription=\"slide\" aria-label=\"2 de 7\"><a data-elementor-open-lightbox=\"yes\" data-elementor-lightbox-slideshow=\"3f0dd15\" data-elementor-lightbox-title=\"Imagem do WhatsApp de 2025-03-12 \u00e0(s) 18.39.20_dfef34da\" data-e-action-hash=\"#elementor-action%3Aaction%3Dlightbox%26settings%3DeyJpZCI6NzkzLCJ1cmwiOiJodHRwczpcL1wvc2l0ZTIuYWFwY3J6Lm9yZy5iclwvd3AtY29udGVudFwvdXBsb2Fkc1wvMjAyNVwvMDNcL0ltYWdlbS1kby1XaGF0c0FwcC1kZS0yMDI1LTAzLTEyLWFzLTE4LjM5LjIwX2RmZWYzNGRhLmpwZyIsInNsaWRlc2hvdyI6IjNmMGRkMTUifQ%3D%3D\" href=\"https:\/\/site2.aapcrz.org.br\/wp-content\/uploads\/2025\/03\/Imagem-do-WhatsApp-de-2025-03-12-as-18.39.20_dfef34da.jpg\"><figure class=\"swiper-slide-inner\"><img decoding=\"async\" class=\"swiper-slide-image\" src=\"https:\/\/site2.aapcrz.org.br\/wp-content\/uploads\/2025\/03\/Imagem-do-WhatsApp-de-2025-03-12-as-18.39.20_dfef34da-150x150.jpg\" alt=\"Imagem do WhatsApp de 2025-03-12 \u00e0(s) 18.39.20_dfef34da\" \/><\/figure><\/a><\/div><div class=\"swiper-slide\" role=\"group\" aria-roledescription=\"slide\" aria-label=\"3 de 7\"><a data-elementor-open-lightbox=\"yes\" data-elementor-lightbox-slideshow=\"3f0dd15\" data-elementor-lightbox-title=\"Imagem do WhatsApp de 2025-03-10 \u00e0(s) 19.18.30_1f3d7b69\" data-e-action-hash=\"#elementor-action%3Aaction%3Dlightbox%26settings%3DeyJpZCI6Nzk0LCJ1cmwiOiJodHRwczpcL1wvc2l0ZTIuYWFwY3J6Lm9yZy5iclwvd3AtY29udGVudFwvdXBsb2Fkc1wvMjAyNVwvMDNcL0ltYWdlbS1kby1XaGF0c0FwcC1kZS0yMDI1LTAzLTEwLWFzLTE5LjE4LjMwXzFmM2Q3YjY5LmpwZyIsInNsaWRlc2hvdyI6IjNmMGRkMTUifQ%3D%3D\" href=\"https:\/\/site2.aapcrz.org.br\/wp-content\/uploads\/2025\/03\/Imagem-do-WhatsApp-de-2025-03-10-as-19.18.30_1f3d7b69.jpg\"><figure class=\"swiper-slide-inner\"><img decoding=\"async\" class=\"swiper-slide-image\" src=\"https:\/\/site2.aapcrz.org.br\/wp-content\/uploads\/2025\/03\/Imagem-do-WhatsApp-de-2025-03-10-as-19.18.30_1f3d7b69-150x150.jpg\" alt=\"Imagem do WhatsApp de 2025-03-10 \u00e0(s) 19.18.30_1f3d7b69\" \/><\/figure><\/a><\/div><div class=\"swiper-slide\" role=\"group\" aria-roledescription=\"slide\" aria-label=\"4 de 7\"><a data-elementor-open-lightbox=\"yes\" data-elementor-lightbox-slideshow=\"3f0dd15\" data-elementor-lightbox-title=\"Imagem do WhatsApp de 2025-03-07 \u00e0(s) 07.39.46_171dd092\" data-e-action-hash=\"#elementor-action%3Aaction%3Dlightbox%26settings%3DeyJpZCI6Nzk1LCJ1cmwiOiJodHRwczpcL1wvc2l0ZTIuYWFwY3J6Lm9yZy5iclwvd3AtY29udGVudFwvdXBsb2Fkc1wvMjAyNVwvMDNcL0ltYWdlbS1kby1XaGF0c0FwcC1kZS0yMDI1LTAzLTA3LWFzLTA3LjM5LjQ2XzE3MWRkMDkyLmpwZyIsInNsaWRlc2hvdyI6IjNmMGRkMTUifQ%3D%3D\" href=\"https:\/\/site2.aapcrz.org.br\/wp-content\/uploads\/2025\/03\/Imagem-do-WhatsApp-de-2025-03-07-as-07.39.46_171dd092.jpg\"><figure class=\"swiper-slide-inner\"><img decoding=\"async\" class=\"swiper-slide-image\" src=\"https:\/\/site2.aapcrz.org.br\/wp-content\/uploads\/2025\/03\/Imagem-do-WhatsApp-de-2025-03-07-as-07.39.46_171dd092-150x150.jpg\" alt=\"Imagem do WhatsApp de 2025-03-07 \u00e0(s) 07.39.46_171dd092\" \/><\/figure><\/a><\/div><div class=\"swiper-slide\" role=\"group\" aria-roledescription=\"slide\" aria-label=\"5 de 7\"><a data-elementor-open-lightbox=\"yes\" data-elementor-lightbox-slideshow=\"3f0dd15\" data-elementor-lightbox-title=\"Imagem do WhatsApp de 2025-03-05 \u00e0(s) 17.39.51_699a3ef1\" data-e-action-hash=\"#elementor-action%3Aaction%3Dlightbox%26settings%3DeyJpZCI6Nzk2LCJ1cmwiOiJodHRwczpcL1wvc2l0ZTIuYWFwY3J6Lm9yZy5iclwvd3AtY29udGVudFwvdXBsb2Fkc1wvMjAyNVwvMDNcL0ltYWdlbS1kby1XaGF0c0FwcC1kZS0yMDI1LTAzLTA1LWFzLTE3LjM5LjUxXzY5OWEzZWYxLmpwZyIsInNsaWRlc2hvdyI6IjNmMGRkMTUifQ%3D%3D\" href=\"https:\/\/site2.aapcrz.org.br\/wp-content\/uploads\/2025\/03\/Imagem-do-WhatsApp-de-2025-03-05-as-17.39.51_699a3ef1.jpg\"><figure class=\"swiper-slide-inner\"><img decoding=\"async\" class=\"swiper-slide-image\" src=\"https:\/\/site2.aapcrz.org.br\/wp-content\/uploads\/2025\/03\/Imagem-do-WhatsApp-de-2025-03-05-as-17.39.51_699a3ef1-150x150.jpg\" alt=\"Imagem do WhatsApp de 2025-03-05 \u00e0(s) 17.39.51_699a3ef1\" \/><\/figure><\/a><\/div><div class=\"swiper-slide\" role=\"group\" aria-roledescription=\"slide\" aria-label=\"6 de 7\"><a data-elementor-open-lightbox=\"yes\" data-elementor-lightbox-slideshow=\"3f0dd15\" data-elementor-lightbox-title=\"Imagem3\" data-e-action-hash=\"#elementor-action%3Aaction%3Dlightbox%26settings%3DeyJpZCI6Nzk3LCJ1cmwiOiJodHRwczpcL1wvc2l0ZTIuYWFwY3J6Lm9yZy5iclwvd3AtY29udGVudFwvdXBsb2Fkc1wvMjAyNVwvMDNcL0ltYWdlbTMuanBnIiwic2xpZGVzaG93IjoiM2YwZGQxNSJ9\" href=\"https:\/\/site2.aapcrz.org.br\/wp-content\/uploads\/2025\/03\/Imagem3.jpg\"><figure class=\"swiper-slide-inner\"><img decoding=\"async\" class=\"swiper-slide-image\" src=\"https:\/\/site2.aapcrz.org.br\/wp-content\/uploads\/2025\/03\/Imagem3-150x150.jpg\" alt=\"Imagem3\" \/><\/figure><\/a><\/div><div class=\"swiper-slide\" role=\"group\" aria-roledescription=\"slide\" aria-label=\"7 de 7\"><a data-elementor-open-lightbox=\"yes\" data-elementor-lightbox-slideshow=\"3f0dd15\" data-elementor-lightbox-title=\"Imagem1\" data-e-action-hash=\"#elementor-action%3Aaction%3Dlightbox%26settings%3DeyJpZCI6Nzk4LCJ1cmwiOiJodHRwczpcL1wvc2l0ZTIuYWFwY3J6Lm9yZy5iclwvd3AtY29udGVudFwvdXBsb2Fkc1wvMjAyNVwvMDNcL0ltYWdlbTEuanBnIiwic2xpZGVzaG93IjoiM2YwZGQxNSJ9\" href=\"https:\/\/site2.aapcrz.org.br\/wp-content\/uploads\/2025\/03\/Imagem1.jpg\"><figure class=\"swiper-slide-inner\"><img decoding=\"async\" class=\"swiper-slide-image\" src=\"https:\/\/site2.aapcrz.org.br\/wp-content\/uploads\/2025\/03\/Imagem1-150x150.jpg\" alt=\"Imagem1\" \/><\/figure><\/a><\/div>\t\t\t<\/div>\n\t\t\t\t\t\t\t\t\t\t\t\t<div class=\"elementor-swiper-button elementor-swiper-button-prev\" role=\"button\" tabindex=\"0\">\n\t\t\t\t\t\t<svg aria-hidden=\"true\" class=\"e-font-icon-svg e-eicon-chevron-left\" viewBox=\"0 0 1000 1000\" xmlns=\"http:\/\/www.w3.org\/2000\/svg\"><path d=\"M646 125C629 125 613 133 604 142L308 442C296 454 292 471 292 487 292 504 296 521 308 533L604 854C617 867 629 875 646 875 663 875 679 871 692 858 704 846 713 829 713 812 713 796 708 779 692 767L438 487 692 225C700 217 708 204 708 187 708 171 704 154 692 142 675 129 663 125 646 125Z\"><\/path><\/svg>\t\t\t\t\t<\/div>\n\t\t\t\t\t<div class=\"elementor-swiper-button elementor-swiper-button-next\" role=\"button\" tabindex=\"0\">\n\t\t\t\t\t\t<svg aria-hidden=\"true\" class=\"e-font-icon-svg e-eicon-chevron-right\" viewBox=\"0 0 1000 1000\" xmlns=\"http:\/\/www.w3.org\/2000\/svg\"><path d=\"M696 533C708 521 713 504 713 487 713 471 708 454 696 446L400 146C388 133 375 125 354 125 338 125 325 129 313 142 300 154 292 171 292 187 292 204 296 221 308 233L563 492 304 771C292 783 288 800 288 817 288 833 296 850 308 863 321 871 338 875 354 875 371 875 388 867 400 854L696 533Z\"><\/path><\/svg>\t\t\t\t\t<\/div>\n\t\t\t\t\n\t\t\t\t\t\t\t\t\t<div class=\"swiper-pagination\"><\/div>\n\t\t\t\t\t\t\t\t\t<\/div>\n\t\t\t\t\t\t<\/div>\n\t\t\t\t<\/div>\n\t\t\t\t\t<\/div>\n\t\t<\/div>\n\t\t\t\t\t<\/div>\n\t\t<\/section>\n\t\t<div data-particle_enable=\"false\" data-particle-mobile-disabled=\"false\" class=\"elementor-element elementor-element-57100da e-flex e-con-boxed e-con e-parent\" data-id=\"57100da\" data-element_type=\"container\" data-e-type=\"container\">\n\t\t\t\t\t<div class=\"e-con-inner\">\n\t\t<div data-particle_enable=\"false\" data-particle-mobile-disabled=\"false\" class=\"elementor-element elementor-element-1fe607f e-con-full e-flex e-con e-child\" data-id=\"1fe607f\" data-element_type=\"container\" data-e-type=\"container\">\n\t\t\t\t<div class=\"elementor-element elementor-element-6bc1764 elementor-widget elementor-widget-heading\" data-id=\"6bc1764\" data-element_type=\"widget\" data-e-type=\"widget\" data-widget_type=\"heading.default\">\n\t\t\t\t<div class=\"elementor-widget-container\">\n\t\t\t\t\t<h2 class=\"elementor-heading-title elementor-size-default\">Contribua com a nossa obra \ud83d\ude42<\/h2>\t\t\t\t<\/div>\n\t\t\t\t<\/div>\n\t\t\t\t<div class=\"elementor-element elementor-element-aaf3c5a elementor-widget elementor-widget-text-editor\" data-id=\"aaf3c5a\" data-element_type=\"widget\" data-e-type=\"widget\" data-widget_type=\"text-editor.default\">\n\t\t\t\t<div class=\"elementor-widget-container\">\n\t\t\t\t\t\t\t\t\t<p>Abra seu aplicativo banc\u00e1rio e escaneie o c\u00f3digo ao lado e fa\u00e7a uma doa\u00e7\u00e3o para nossa casa de Cruzeiro &#8211; SP.<\/p><p>Voc\u00ea tamb\u00e9m pode transferir via Pix usando o nosso CNPJ: 15.585.000\/0001-78<\/p>\t\t\t\t\t\t\t\t<\/div>\n\t\t\t\t<\/div>\n\t\t\t\t<div class=\"elementor-element elementor-element-531782e elementor-widget__width-initial elementor-widget elementor-widget-image\" data-id=\"531782e\" data-element_type=\"widget\" data-e-type=\"widget\" data-widget_type=\"image.default\">\n\t\t\t\t<div class=\"elementor-widget-container\">\n\t\t\t\t\t\t\t\t\t\t\t\t\t\t\t<img decoding=\"async\" width=\"150\" height=\"150\" src=\"https:\/\/site2.aapcrz.org.br\/wp-content\/uploads\/2025\/03\/pix_AAP_Matriz-150x150.png\" class=\"attachment-thumbnail size-thumbnail wp-image-745\" alt=\"\" \/>\t\t\t\t\t\t\t\t\t\t\t\t\t\t\t<\/div>\n\t\t\t\t<\/div>\n\t\t\t\t<\/div>\n\t\t<div data-particle_enable=\"false\" data-particle-mobile-disabled=\"false\" class=\"elementor-element elementor-element-e5e3d13 e-con-full e-flex e-con e-child\" data-id=\"e5e3d13\" data-element_type=\"container\" data-e-type=\"container\">\n\t\t\t\t<div class=\"elementor-element elementor-element-afe935e elementor-widget elementor-widget-heading\" data-id=\"afe935e\" data-element_type=\"widget\" data-e-type=\"widget\" data-widget_type=\"heading.default\">\n\t\t\t\t<div class=\"elementor-widget-container\">\n\t\t\t\t\t<h2 class=\"elementor-heading-title elementor-size-default\">Endere\u00e7o<\/h2>\t\t\t\t<\/div>\n\t\t\t\t<\/div>\n\t\t\t\t<div class=\"elementor-element elementor-element-3276d0c elementor-widget__width-initial elementor-widget elementor-widget-google_maps\" data-id=\"3276d0c\" data-element_type=\"widget\" data-e-type=\"widget\" data-widget_type=\"google_maps.default\">\n\t\t\t\t<div class=\"elementor-widget-container\">\n\t\t\t\t\t\t\t<div class=\"elementor-custom-embed\">\n\t\t\t<iframe loading=\"lazy\"\n\t\t\t\t\tsrc=\"https:\/\/maps.google.com\/maps?q=R.%20Eng.%20Ant%C3%B4nio%20Penido%2C%2019%20-%20Centro%2C%20Cruzeiro%20-%20SP%2C%2012701-050&#038;t=m&#038;z=14&#038;output=embed&#038;iwloc=near\"\n\t\t\t\t\ttitle=\"R. Eng. Ant\u00f4nio Penido, 19 - Centro, Cruzeiro - SP, 12701-050\"\n\t\t\t\t\taria-label=\"R. Eng. Ant\u00f4nio Penido, 19 - Centro, Cruzeiro - SP, 12701-050\"\n\t\t\t><\/iframe>\n\t\t<\/div>\n\t\t\t\t\t\t<\/div>\n\t\t\t\t<\/div>\n\t\t\t\t<\/div>\n\t\t\t\t\t<\/div>\n\t\t\t\t<\/div>\n\t\t\t\t<\/div>\n\t\t","protected":false},"excerpt":{"rendered":"<p>AAP &#8211; CRUZEIRO Fundada em 2012 com o objetivo de zelar pelas pessoas em situa\u00e7\u00e3o e rua e de vulnerabilidade social. O in\u00edcio A Associa\u00e7\u00e3o Amando o Pr\u00f3ximo foi fundada em 03 de fevereiro de 2012 por um grupo de pessoas sensibilizadas pela exclus\u00e3o social enfrentada pelos chamados &#8220;moradores de rua&#8221;. Trata-se de uma organiza\u00e7\u00e3o [&hellip;]<\/p>\n","protected":false},"author":1,"featured_media":0,"parent":0,"menu_order":0,"comment_status":"closed","ping_status":"closed","template":"elementor_header_footer","meta":{"footnotes":""},"class_list":["post-136","page","type-page","status-publish","hentry"],"_links":{"self":[{"href":"https:\/\/site2.aapcrz.org.br\/index.php?rest_route=\/wp\/v2\/pages\/136","targetHints":{"allow":["GET"]}}],"collection":[{"href":"https:\/\/site2.aapcrz.org.br\/index.php?rest_route=\/wp\/v2\/pages"}],"about":[{"href":"https:\/\/site2.aapcrz.org.br\/index.php?rest_route=\/wp\/v2\/types\/page"}],"author":[{"embeddable":true,"href":"https:\/\/site2.aapcrz.org.br\/index.php?rest_route=\/wp\/v2\/users\/1"}],"replies":[{"embeddable":true,"href":"https:\/\/site2.aapcrz.org.br\/index.php?rest_route=%2Fwp%2Fv2%2Fcomments&post=136"}],"version-history":[{"count":57,"href":"https:\/\/site2.aapcrz.org.br\/index.php?rest_route=\/wp\/v2\/pages\/136\/revisions"}],"predecessor-version":[{"id":1257,"href":"https:\/\/site2.aapcrz.org.br\/index.php?rest_route=\/wp\/v2\/pages\/136\/revisions\/1257"}],"wp:attachment":[{"href":"https:\/\/site2.aapcrz.org.br\/index.php?rest_route=%2Fwp%2Fv2%2Fmedia&parent=136"}],"curies":[{"name":"wp","href":"https:\/\/api.w.org\/{rel}","templated":true}]}}