{"id":145,"date":"2025-01-17T02:28:58","date_gmt":"2025-01-17T02:28:58","guid":{"rendered":"https:\/\/site2.aapcrz.org.br\/?page_id=145"},"modified":"2026-02-03T15:06:52","modified_gmt":"2026-02-03T18:06:52","slug":"balanco-patrimonial","status":"publish","type":"page","link":"https:\/\/site2.aapcrz.org.br\/?page_id=145","title":{"rendered":"Balan\u00e7o Patrimonial"},"content":{"rendered":"\t\t<div data-elementor-type=\"wp-page\" data-elementor-id=\"145\" class=\"elementor elementor-145\">\n\t\t\t\t\t\t<section data-particle_enable=\"false\" data-particle-mobile-disabled=\"false\" class=\"elementor-section elementor-top-section elementor-element elementor-element-33f1f39f elementor-section-boxed elementor-section-height-default elementor-section-height-default\" data-id=\"33f1f39f\" data-element_type=\"section\" data-e-type=\"section\" data-settings=\"{&quot;background_background&quot;:&quot;classic&quot;}\">\n\t\t\t\t\t\t\t<div class=\"elementor-background-overlay\"><\/div>\n\t\t\t\t\t\t\t<div class=\"elementor-container elementor-column-gap-default\">\n\t\t\t\t\t<div class=\"elementor-column elementor-col-100 elementor-top-column elementor-element elementor-element-701722c2\" data-id=\"701722c2\" data-element_type=\"column\" data-e-type=\"column\">\n\t\t\t<div class=\"elementor-widget-wrap elementor-element-populated\">\n\t\t\t\t\t\t<section data-particle_enable=\"false\" data-particle-mobile-disabled=\"false\" class=\"elementor-section elementor-inner-section elementor-element elementor-element-512f367 elementor-section-content-middle elementor-section-boxed elementor-section-height-default elementor-section-height-default\" data-id=\"512f367\" data-element_type=\"section\" data-e-type=\"section\">\n\t\t\t\t\t\t<div class=\"elementor-container elementor-column-gap-default\">\n\t\t\t\t\t<div class=\"elementor-column elementor-col-50 elementor-inner-column elementor-element elementor-element-725e248e\" data-id=\"725e248e\" data-element_type=\"column\" data-e-type=\"column\">\n\t\t\t<div class=\"elementor-widget-wrap elementor-element-populated\">\n\t\t\t\t\t\t<div class=\"elementor-element elementor-element-61b5907e elementor-invisible elementor-widget elementor-widget-heading\" data-id=\"61b5907e\" data-element_type=\"widget\" data-e-type=\"widget\" data-settings=\"{&quot;_animation&quot;:&quot;fadeInUp&quot;}\" data-widget_type=\"heading.default\">\n\t\t\t\t<div class=\"elementor-widget-container\">\n\t\t\t\t\t<h1 class=\"elementor-heading-title elementor-size-default\">Balan\u00e7o Patrimonial<\/h1>\t\t\t\t<\/div>\n\t\t\t\t<\/div>\n\t\t\t\t<div class=\"elementor-element elementor-element-5598359c elementor-invisible elementor-widget elementor-widget-heading\" data-id=\"5598359c\" data-element_type=\"widget\" data-e-type=\"widget\" data-settings=\"{&quot;_animation&quot;:&quot;fadeInUp&quot;}\" data-widget_type=\"heading.default\">\n\t\t\t\t<div class=\"elementor-widget-container\">\n\t\t\t\t\t<h4 class=\"elementor-heading-title elementor-size-default\">Toda institui\u00e7\u00e3o precisa manter a transpar\u00eancia em seus n\u00fameros e a\u00e7\u00f5es, por isso a AAP separou um espa\u00e7o para tornar isso p\u00fablico.<\/h4>\t\t\t\t<\/div>\n\t\t\t\t<\/div>\n\t\t\t\t\t<\/div>\n\t\t<\/div>\n\t\t\t\t<div class=\"elementor-column elementor-col-50 elementor-inner-column elementor-element elementor-element-3de4caee\" data-id=\"3de4caee\" data-element_type=\"column\" data-e-type=\"column\" data-settings=\"{&quot;background_background&quot;:&quot;classic&quot;}\">\n\t\t\t<div class=\"elementor-widget-wrap elementor-element-populated\">\n\t\t\t\t\t\t<div class=\"elementor-element elementor-element-2006d3d elementor-invisible elementor-widget elementor-widget-image\" data-id=\"2006d3d\" data-element_type=\"widget\" data-e-type=\"widget\" data-settings=\"{&quot;_animation&quot;:&quot;fadeInUp&quot;}\" data-widget_type=\"image.default\">\n\t\t\t\t<div class=\"elementor-widget-container\">\n\t\t\t\t\t\t\t\t\t\t\t\t\t\t\t<img fetchpriority=\"high\" decoding=\"async\" width=\"768\" height=\"470\" src=\"https:\/\/site2.aapcrz.org.br\/wp-content\/uploads\/2025\/01\/LOGOS-768x470.png\" class=\"attachment-medium_large size-medium_large wp-image-1089\" alt=\"\" srcset=\"https:\/\/site2.aapcrz.org.br\/wp-content\/uploads\/2025\/01\/LOGOS-768x470.png 768w, https:\/\/site2.aapcrz.org.br\/wp-content\/uploads\/2025\/01\/LOGOS-300x184.png 300w, https:\/\/site2.aapcrz.org.br\/wp-content\/uploads\/2025\/01\/LOGOS-1024x627.png 1024w, https:\/\/site2.aapcrz.org.br\/wp-content\/uploads\/2025\/01\/LOGOS-1536x941.png 1536w, https:\/\/site2.aapcrz.org.br\/wp-content\/uploads\/2025\/01\/LOGOS.png 1561w\" sizes=\"(max-width: 768px) 100vw, 768px\" \/>\t\t\t\t\t\t\t\t\t\t\t\t\t\t\t<\/div>\n\t\t\t\t<\/div>\n\t\t\t\t\t<\/div>\n\t\t<\/div>\n\t\t\t\t\t<\/div>\n\t\t<\/section>\n\t\t\t\t\t<\/div>\n\t\t<\/div>\n\t\t\t\t\t<\/div>\n\t\t<\/section>\n\t\t\t\t<section data-particle_enable=\"false\" data-particle-mobile-disabled=\"false\" class=\"elementor-section elementor-top-section elementor-element elementor-element-1c642f7e elementor-section-boxed elementor-section-height-default elementor-section-height-default\" data-id=\"1c642f7e\" data-element_type=\"section\" data-e-type=\"section\">\n\t\t\t\t\t\t<div class=\"elementor-container elementor-column-gap-default\">\n\t\t\t\t\t<div class=\"elementor-column elementor-col-100 elementor-top-column elementor-element elementor-element-a955b2a elementor-invisible\" data-id=\"a955b2a\" data-element_type=\"column\" data-e-type=\"column\" data-settings=\"{&quot;animation&quot;:&quot;fadeIn&quot;,&quot;animation_delay&quot;:200}\">\n\t\t\t<div class=\"elementor-widget-wrap elementor-element-populated\">\n\t\t\t\t\t\t<div class=\"elementor-element elementor-element-2fc90c88 elementor-widget elementor-widget-text-editor\" data-id=\"2fc90c88\" data-element_type=\"widget\" data-e-type=\"widget\" data-widget_type=\"text-editor.default\">\n\t\t\t\t<div class=\"elementor-widget-container\">\n\t\t\t\t\t\t\t\t\t<p style=\"font-weight: 400;\">O controle social dos cidad\u00e3os est\u00e1 em cumprimento da Lei de Acesso \u00e0 Informa\u00e7\u00e3o (Lei n\u00ba 12.527\/2011) e em cumprimento da\u00a0<a href=\"http:\/\/legislacao.planalto.gov.br\/legisla\/legislacao.nsf\/Viw_Identificacao\/lei%2013.019-2014?OpenDocument\">LEI N\u00ba 13.019, DE 31 D<\/a><a href=\"http:\/\/legislacao.planalto.gov.br\/legisla\/legislacao.nsf\/Viw_Identificacao\/lei%2013.019-2014?OpenDocument\">E JULHO DE 2014.<\/a><\/p><p style=\"font-weight: 400;\"><b><strong>\u00a0Em seu:<\/strong><\/b><\/p><p style=\"font-weight: 400;\"><b><strong>\u00a0Art. 11.<\/strong><\/b>\u00a0A organiza\u00e7\u00e3o da sociedade civil dever\u00e1 divulgar na internet e em locais vis\u00edveis de suas sedes sociais e dos estabelecimentos em que exer\u00e7a suas a\u00e7\u00f5es todas as parcerias celebradas com a administra\u00e7\u00e3o p\u00fablica. (Reda\u00e7\u00e3o dada pela Lei n\u00ba 13.204, de 2015)<\/p><p style=\"font-weight: 400;\"><b><strong>Art. 5\u00ba<\/strong><\/b>\u00a0O regime jur\u00eddico de que trata esta Lei tem como fundamentos a gest\u00e3o p\u00fablica democr\u00e1tica, a participa\u00e7\u00e3o social, o fortalecimento da sociedade civil, a transpar\u00eancia na aplica\u00e7\u00e3o dos recursos p\u00fablicos, os princ\u00edpios da legalidade, da legitimidade, da impessoalidade, da moralidade, da publicidade, da economicidade, da efici\u00eancia e da efic\u00e1cia, destinando-se a assegurar: (Reda\u00e7\u00e3o dada pela Lei n\u00ba 13.204, de 2015)<\/p>\t\t\t\t\t\t\t\t<\/div>\n\t\t\t\t<\/div>\n\t\t\t\t<section data-particle_enable=\"false\" data-particle-mobile-disabled=\"false\" class=\"elementor-section elementor-inner-section elementor-element elementor-element-e5d56b6 elementor-section-content-middle elementor-section-boxed elementor-section-height-default elementor-section-height-default\" data-id=\"e5d56b6\" data-element_type=\"section\" data-e-type=\"section\">\n\t\t\t\t\t\t<div class=\"elementor-container elementor-column-gap-default\">\n\t\t\t\t\t<div class=\"elementor-column elementor-col-100 elementor-inner-column elementor-element elementor-element-5135c87c\" data-id=\"5135c87c\" data-element_type=\"column\" data-e-type=\"column\">\n\t\t\t<div class=\"elementor-widget-wrap elementor-element-populated\">\n\t\t\t\t\t\t<div class=\"elementor-element elementor-element-e187d0f elementor-widget__width-initial elementor-widget elementor-widget-text-editor\" data-id=\"e187d0f\" data-element_type=\"widget\" data-e-type=\"widget\" data-widget_type=\"text-editor.default\">\n\t\t\t\t<div class=\"elementor-widget-container\">\n\t\t\t\t\t\t\t\t\t<p><a href=\"https:\/\/1drv.ms\/b\/c\/2924693c0a6328be\/EfpuMpmWOFtOhiWrG95uQUkBC39e3dB0boYWleiB_8eUqw?e=BZqUhR\"><u style=\"\">2012 &#8211; Balan\u00e7o Patrimonial &#8211; Demonstra\u00e7\u00f5es Financeiras<\/u><\/a><\/p>\n<p><a href=\"https:\/\/1drv.ms\/b\/c\/2924693c0a6328be\/ERWzNXQ7nQ9OjpcF8fMYiW0BglM5z9iM5H6U3FB7DapyIA?e=5KJqte\"><u>2013 &#8211; Balan\u00e7o Patrimonial &#8211; Demonstra\u00e7\u00f5es Financeiras<\/u><\/a><\/p>\n<p><a href=\"https:\/\/1drv.ms\/b\/c\/2924693c0a6328be\/ESoJFj3m8iNArI0YpDuv8wwBaPiykLFbCVZj7kB5dHOQQg?e=ur9fCD\"><u>2014 &#8211; Balan\u00e7o Patrimonial &#8211; Demonstra\u00e7\u00f5es Financeiras<\/u><\/a><\/p>\n<p><a href=\"https:\/\/1drv.ms\/b\/c\/2924693c0a6328be\/EfNWptn5ShhBowgosdfeq20BZdPNnH8nbO2FjxX0WHPVdQ?e=UjQ2Di\"><u>2015 &#8211; Balan\u00e7o Patrimonial &#8211; Demonstra\u00e7\u00f5es Financeiras<\/u><\/a><\/p>\n<p><a href=\"https:\/\/1drv.ms\/b\/c\/2924693c0a6328be\/EUKqORz0G21Gn3yZRcwXiScBvRTc-NzvLZwnfCixE2214Q?e=RS7zvA\"><u>2016 &#8211; Balan\u00e7o Patrimonial &#8211; Demonstra\u00e7\u00f5es Financeiras<\/u><\/a><\/p>\n<p><a href=\"https:\/\/1drv.ms\/b\/c\/2924693c0a6328be\/EV_SL_e37M1Lll_9sBjPchoBjHMWfDMevOqU96zim0BQpw?e=hfCSNU\"><u>2017 &#8211; Balan\u00e7o Patrimonial &#8211; Demonstra\u00e7\u00f5es Financeiras<\/u><\/a><\/p>\n<p><a href=\"https:\/\/1drv.ms\/b\/c\/2924693c0a6328be\/EY-mPVIXDG1OrE_pqZPm17IBC4QniZUC1z6JNdZUwl7pog?e=Kq6uZH\"><u>2018 &#8211; Balan\u00e7o Patrimonial &#8211; Demonstra\u00e7\u00f5es Financeiras<\/u><\/a><\/p>\n<p><a href=\"https:\/\/1drv.ms\/b\/c\/2924693c0a6328be\/EZA6BFEQE5NPoVnHGS1j6LMBrepw0yrE7s6JjJZtxiGWUQ?e=Ybm4ej\"><u>2019 &#8211; Balan\u00e7o Patrimonial &#8211; Demonstra\u00e7\u00f5es Financeiras<\/u><\/a><\/p>\n<p><a href=\"https:\/\/1drv.ms\/b\/c\/2924693c0a6328be\/EQOaBiF0CdRCv6fGCLZkS1ABWKDZy1Xtm4TIEn-PetpmCg?e=ffx6lE\"><u>2020 &#8211; Balan\u00e7o Patrimonial &#8211; Demonstra\u00e7\u00f5es Financeiras<\/u><\/a><\/p>\n<p><a href=\"https:\/\/1drv.ms\/b\/c\/2924693c0a6328be\/EQ8ss7Rhd49NjlcV-7EtnmQB4l59u3vV3xZ56qac-1tW5Q?e=o3Gz5N\"><u>2021 &#8211; Balan\u00e7o Patrimonial &#8211; Demonstra\u00e7\u00f5es Financeiras<\/u><\/a><\/p>\n<p><a href=\"https:\/\/1drv.ms\/b\/c\/2924693c0a6328be\/EfDXMnlOXFBLqKTfXCABOjEBI5WursyFtfWQGg-yJFrklw?e=xEltrB\"><u>2022 &#8211; Balan\u00e7o Patrimonial &#8211; Demonstra\u00e7\u00f5es Financeiras<\/u><\/a><\/p>\n<p><a href=\"https:\/\/1drv.ms\/b\/c\/2924693c0a6328be\/Ebmwm5FM175BqL-Mky4QbwcBfaarq1pazdv4pJEInxqcnw?e=4EZn2p\"><u>2023 &#8211; Balan\u00e7o Patrimonial &#8211; Demonstra\u00e7\u00f5es Financeiras<\/u><\/a><\/p>\n<p><a href=\"https:\/\/1drv.ms\/b\/c\/2924693c0a6328be\/Ebmwm5FM175BqL-Mky4QbwcBfaarq1pazdv4pJEInxqcnw?e=4EZn2p\"><u>2024 &#8211; Balan\u00e7o Patrimonial &#8211; Demonstra\u00e7\u00f5es Financeiras<\/u><\/a><\/p>\n<p><a href=\"https:\/\/1drv.ms\/b\/c\/2924693c0a6328be\/IQDdS7KphM5vSqAjBjz9l7c9AV2-K4G7NDat1Ir9ACwE0bc?e=Lnk7Xy\"><u style=\"\">2025 &#8211; Balan\u00e7o Patrimonial &#8211; Demonstra\u00e7\u00f5es Financeiras<\/u><\/a><\/p>\t\t\t\t\t\t\t\t<\/div>\n\t\t\t\t<\/div>\n\t\t\t\t\t<\/div>\n\t\t<\/div>\n\t\t\t\t\t<\/div>\n\t\t<\/section>\n\t\t\t\t\t<\/div>\n\t\t<\/div>\n\t\t\t\t\t<\/div>\n\t\t<\/section>\n\t\t<div data-particle_enable=\"false\" data-particle-mobile-disabled=\"false\" class=\"elementor-element elementor-element-ad79f3f e-flex e-con-boxed e-con e-parent\" data-id=\"ad79f3f\" data-element_type=\"container\" data-e-type=\"container\">\n\t\t\t\t\t<div class=\"e-con-inner\">\n\t\t\t\t<div class=\"elementor-element elementor-element-2bf183c elementor-widget elementor-widget-heading\" data-id=\"2bf183c\" data-element_type=\"widget\" data-e-type=\"widget\" data-widget_type=\"heading.default\">\n\t\t\t\t<div class=\"elementor-widget-container\">\n\t\t\t\t\t<h2 class=\"elementor-heading-title elementor-size-default\">2025 - Balan\u00e7o Patrimonial - Demonstra\u00e7\u00f5es Financeiras<\/h2>\t\t\t\t<\/div>\n\t\t\t\t<\/div>\n\t\t\t\t\t<\/div>\n\t\t\t\t<\/div>\n\t\t<div data-particle_enable=\"false\" data-particle-mobile-disabled=\"false\" class=\"elementor-element elementor-element-51f09d1 e-flex e-con-boxed e-con e-parent\" data-id=\"51f09d1\" data-element_type=\"container\" data-e-type=\"container\">\n\t\t\t\t\t<div class=\"e-con-inner\">\n\t\t\t\t<div class=\"elementor-element elementor-element-a99ce2e elementor-widget elementor-widget-embedpress_pdf\" data-id=\"a99ce2e\" data-element_type=\"widget\" data-e-type=\"widget\" data-widget_type=\"embedpress_pdf.default\">\n\t\t\t\t<div class=\"elementor-widget-container\">\n\t\t\t\t\t    <div class=\"embedpress-document-embed ep-doc-8df66224ba7a56a41e72ed74d60a31f9 ose-document emebedpress-unit-percent \" data-thememode=\"default\" data-customcolor=\"\" data-toolbar=\"yes\" data-toolbar-position=\"top\" data-open=\"no\" data-presentation-mode=\"yes\" data-download=\"yes\" data-copy=\"yes\" data-add-image=\"yes\" data-rotate=\"yes\" data-details=\"yes\" data-id=\"embedpress-pdf-a99ce2e\" data-selection-tool=\"0\" data-scrolling=\"0\" data-spreads=\"-1\" style=\" max-width:100%; display: inline-block\">\n\n        \n                <div >\n\n                    <div id=\"ep-elementor-content-a99ce2e\" class=\"ep-elementor-content   ep-percentage-width   ep-content-protection-disabled\">\n                        <div id=\"a99ce2e\" class=\"ep-embed-content-wraper\">\n                            <div><iframe title=\"2025 &#8211; BALAN\u00c7O &#8211; MATRIZ\" class=\"embedpress-embed-document-pdf embedpress-pdf-a99ce2e\" style=\"width: 600%!important;height: 600px;; max-width:100%; display: inline-block\" src=\"https:\/\/site2.aapcrz.org.br\/wp-admin\/admin-ajax.php?action=get_viewer&#038;file=https%3A%2F%2Fsite2.aapcrz.org.br%2Fwp-content%2Fuploads%2F2026%2F02%2F2025-BALANCO-MATRIZ.pdf&#038;scrolling=0&#038;selection_tool=0&#038;spreads=-1#key=dGhlbWVNb2RlPWRlZmF1bHQmdG9vbGJhcj10cnVlJnBvc2l0aW9uPXRvcCZwcmVzZW50YXRpb249dHJ1ZSZsYXp5TG9hZD1mYWxzZSZkb3dubG9hZD10cnVlJmNvcHlfdGV4dD10cnVlJmFkZF90ZXh0PXRydWUmZHJhdz10cnVlJmFkZF9pbWFnZT10cnVlJnBkZl9yb3RhdGlvbj10cnVlJnBkZl9kZXRhaWxzPXRydWUmem9vbV9pbj10cnVlJnpvb21fb3V0PXRydWUmZml0X3ZpZXc9dHJ1ZSZib29rbWFyaz10cnVlJnNvdW5kPXRydWUmZmxpcGJvb2tfdG9vbGJhcl9wb3NpdGlvbj1ib3R0b20mc2VsZWN0aW9uX3Rvb2w9MCZzY3JvbGxpbmc9MCZzcHJlYWRzPS0xJmlzX3Byb19hY3RpdmU9MA==&#038;zoom=auto\" class=\"embedpress-embed-document-pdf embedpress-pdf-a99ce2e\" data-emid=\"embedpress-pdf-a99ce2e\" data-embed-type=\"PDF\" frameborder=\"0\"><\/iframe><p class=\"embedpress-el-powered\">Desenvolvido por EmbedPress<\/p><\/div>                        <\/div>\n\n                    <\/div>\n\n\n                   \n                <\/div>\n            \n    <\/div>\n\n\t\t\t\t<\/div>\n\t\t\t\t<\/div>\n\t\t\t\t\t<\/div>\n\t\t\t\t<\/div>\n\t\t\t\t<\/div>\n\t\t","protected":false},"excerpt":{"rendered":"<p>Balan\u00e7o Patrimonial Toda institui\u00e7\u00e3o precisa manter a transpar\u00eancia em seus n\u00fameros e a\u00e7\u00f5es, por isso a AAP separou um espa\u00e7o para tornar isso p\u00fablico. O controle social dos cidad\u00e3os est\u00e1 em cumprimento da Lei de Acesso \u00e0 Informa\u00e7\u00e3o (Lei n\u00ba 12.527\/2011) e em cumprimento da\u00a0LEI N\u00ba 13.019, DE 31 DE JULHO DE 2014. \u00a0Em seu: [&hellip;]<\/p>\n","protected":false},"author":1,"featured_media":0,"parent":128,"menu_order":0,"comment_status":"closed","ping_status":"closed","template":"elementor_header_footer","meta":{"footnotes":""},"class_list":["post-145","page","type-page","status-publish","hentry"],"_links":{"self":[{"href":"https:\/\/site2.aapcrz.org.br\/index.php?rest_route=\/wp\/v2\/pages\/145","targetHints":{"allow":["GET"]}}],"collection":[{"href":"https:\/\/site2.aapcrz.org.br\/index.php?rest_route=\/wp\/v2\/pages"}],"about":[{"href":"https:\/\/site2.aapcrz.org.br\/index.php?rest_route=\/wp\/v2\/types\/page"}],"author":[{"embeddable":true,"href":"https:\/\/site2.aapcrz.org.br\/index.php?rest_route=\/wp\/v2\/users\/1"}],"replies":[{"embeddable":true,"href":"https:\/\/site2.aapcrz.org.br\/index.php?rest_route=%2Fwp%2Fv2%2Fcomments&post=145"}],"version-history":[{"count":49,"href":"https:\/\/site2.aapcrz.org.br\/index.php?rest_route=\/wp\/v2\/pages\/145\/revisions"}],"predecessor-version":[{"id":1455,"href":"https:\/\/site2.aapcrz.org.br\/index.php?rest_route=\/wp\/v2\/pages\/145\/revisions\/1455"}],"up":[{"embeddable":true,"href":"https:\/\/site2.aapcrz.org.br\/index.php?rest_route=\/wp\/v2\/pages\/128"}],"wp:attachment":[{"href":"https:\/\/site2.aapcrz.org.br\/index.php?rest_route=%2Fwp%2Fv2%2Fmedia&parent=145"}],"curies":[{"name":"wp","href":"https:\/\/api.w.org\/{rel}","templated":true}]}}