{"id":961,"date":"2025-04-07T04:03:41","date_gmt":"2025-04-07T04:03:41","guid":{"rendered":"https:\/\/site2.aapcrz.org.br\/?page_id=961"},"modified":"2025-10-21T17:07:57","modified_gmt":"2025-10-21T17:07:57","slug":"transparencia-aap-nova-esperanca","status":"publish","type":"page","link":"https:\/\/site2.aapcrz.org.br\/?page_id=961","title":{"rendered":"AAP &#8211; Nova Esperan\u00e7a"},"content":{"rendered":"\t\t<div data-elementor-type=\"wp-page\" data-elementor-id=\"961\" class=\"elementor elementor-961\">\n\t\t\t\t\t\t<section data-particle_enable=\"false\" data-particle-mobile-disabled=\"false\" class=\"elementor-section elementor-top-section elementor-element elementor-element-bab0b17 elementor-section-boxed elementor-section-height-default elementor-section-height-default\" data-id=\"bab0b17\" data-element_type=\"section\" data-e-type=\"section\" data-settings=\"{&quot;background_background&quot;:&quot;classic&quot;}\">\n\t\t\t\t\t\t\t<div class=\"elementor-background-overlay\"><\/div>\n\t\t\t\t\t\t\t<div class=\"elementor-container elementor-column-gap-default\">\n\t\t\t\t\t<div class=\"elementor-column elementor-col-100 elementor-top-column elementor-element elementor-element-732f69b7\" data-id=\"732f69b7\" data-element_type=\"column\" data-e-type=\"column\">\n\t\t\t<div class=\"elementor-widget-wrap elementor-element-populated\">\n\t\t\t\t\t\t<section data-particle_enable=\"false\" data-particle-mobile-disabled=\"false\" class=\"elementor-section elementor-inner-section elementor-element elementor-element-13a2b7f1 elementor-section-content-middle elementor-section-boxed elementor-section-height-default elementor-section-height-default\" data-id=\"13a2b7f1\" data-element_type=\"section\" data-e-type=\"section\">\n\t\t\t\t\t\t<div class=\"elementor-container elementor-column-gap-default\">\n\t\t\t\t\t<div class=\"elementor-column elementor-col-100 elementor-inner-column elementor-element elementor-element-5e4dbe3d\" data-id=\"5e4dbe3d\" data-element_type=\"column\" data-e-type=\"column\">\n\t\t\t<div class=\"elementor-widget-wrap elementor-element-populated\">\n\t\t\t\t\t\t<div class=\"elementor-element elementor-element-21418b99 elementor-invisible elementor-widget elementor-widget-heading\" data-id=\"21418b99\" data-element_type=\"widget\" data-e-type=\"widget\" data-settings=\"{&quot;_animation&quot;:&quot;fadeInUp&quot;}\" data-widget_type=\"heading.default\">\n\t\t\t\t<div class=\"elementor-widget-container\">\n\t\t\t\t\t<h1 class=\"elementor-heading-title elementor-size-default\">AAP - NOVA ESPERAN\u00c7A\nTRANSPAR\u00caNCIA<\/h1>\t\t\t\t<\/div>\n\t\t\t\t<\/div>\n\t\t\t\t\t<\/div>\n\t\t<\/div>\n\t\t\t\t\t<\/div>\n\t\t<\/section>\n\t\t\t\t\t<\/div>\n\t\t<\/div>\n\t\t\t\t\t<\/div>\n\t\t<\/section>\n\t\t\t\t<section data-particle_enable=\"false\" data-particle-mobile-disabled=\"false\" class=\"elementor-section elementor-top-section elementor-element elementor-element-e5093ab elementor-section-content-middle elementor-section-boxed elementor-section-height-default elementor-section-height-default\" data-id=\"e5093ab\" data-element_type=\"section\" data-e-type=\"section\">\n\t\t\t\t\t\t<div class=\"elementor-container elementor-column-gap-default\">\n\t\t\t\t\t<div class=\"elementor-column elementor-col-100 elementor-top-column elementor-element elementor-element-6a80b942\" data-id=\"6a80b942\" data-element_type=\"column\" data-e-type=\"column\">\n\t\t\t<div class=\"elementor-widget-wrap elementor-element-populated\">\n\t\t\t\t\t\t<div class=\"elementor-element elementor-element-252b494e elementor-widget elementor-widget-text-editor\" data-id=\"252b494e\" data-element_type=\"widget\" data-e-type=\"widget\" data-widget_type=\"text-editor.default\">\n\t\t\t\t<div class=\"elementor-widget-container\">\n\t\t\t\t\t\t\t\t\t<p><strong>Parcerias Institucionais da AAP &#8211; NOVA ESPERAN\u00c7A<\/strong><\/p><p><strong>Parceria com a Prefeitura de Cruzeiro\/SP<\/strong><\/p><p>A AAP &#8211; Nova Esperan\u00e7a atua na promo\u00e7\u00e3o da assist\u00eancia social e do esporte, cultura e desenvolvimento social de crian\u00e7as e adolescentes. Em parceria com o Poder P\u00fablico, seguimos as diretrizes do Marco Regulat\u00f3rio das OSCs (Lei n\u00ba 13.019\/2014), garantindo transpar\u00eancia e efici\u00eancia na execu\u00e7\u00e3o dos projetos.<br \/>Nossa gest\u00e3o financeira adota pr\u00e1ticas cont\u00e1beis rigorosas, conforme a Lei de Acesso \u00e0 Informa\u00e7\u00e3o (Lei n\u00ba 12.527\/2011), disponibilizando no site informa\u00e7\u00f5es detalhadas sobre os conv\u00eanios, recursos recebidos e presta\u00e7\u00e3o de contas.<\/p><p><strong>Parceria Conclu\u00edda \u2013 Exerc\u00edcio 2024<\/strong><\/p><ul><li>\u00c1rea de atua\u00e7\u00e3o: Esporte<br \/>Objeto: Desenvolvimento de crian\u00e7as e adolescentes por meio do Taekwondo, incentivando a sa\u00fade, educa\u00e7\u00e3o, lazer, cultura e combate ao trabalho infantil, al\u00e9m da valoriza\u00e7\u00e3o da cultura e enfrentamento ao racismo e inj\u00faria racial.<br \/>Termo de Fomento: n\u00ba 11\/2024<\/li><\/ul><p>O presente Termo de Fomento tem por objeto regular a parceria entre as Partes, consubstanciadas na execu\u00e7\u00e3o \u00a0de Projeto previamente aprovado pela Comiss\u00e3o de Sele\u00e7\u00e3o, atrav\u00e9s de recursos do Fundo da Crian\u00e7a e do \u00a0Adolescente \u2013 FUMDICAD, com o objetivo de promover o desenvolvimento de crian\u00e7as e adolescentes atrav\u00e9s \u00a0do Taekwondo, incentivando a sa\u00fade, educa\u00e7\u00e3o, esporte, cultura, lazer e a\u00e7\u00f5es ao combate ao trabalho infantil, \u00a0agindo na valoriza\u00e7\u00e3o da cultura e o combate ao racismo e inj\u00faria racial, em conformidade com o Plano de \u00a0Trabalho elaborado pela OSC e aprovado pelo MUNIC\u00cdPIO, parte integrante e indissoci\u00e1vel deste instrumento.<\/p><p>\u2022 \u00d3rg\u00e3o P\u00fablico: Prefeitura Municipal de Cruzeiro<br \/>\u2022 Secretaria: Assist\u00eancia e Desenvolvimento Social<br \/>\u2022 Apoio: Conselho Municipal dos Direitos da Crian\u00e7a e do Adolescente (CMDCA) e Fundo Municipal dos Direitos da Crian\u00e7a e do Adolescente (FUMDICAD)<br \/>\u2022 CNPJ: 15.585.000\/0002-59<br \/>\u2022 Valor: R$ 25.000,00 (parcela \u00fanica)<\/p><h5><strong>\u2022 SITUA\u00c7\u00c3O: ENCERRADO<\/strong><\/h5><p><strong>Mais informa\u00e7\u00f5es:<\/strong>\u00a0Acesse o instrumento de parceria no\u00a0<a href=\"https:\/\/pmcruzeiro.geosiap.net.br\/portal-transparencia\/execucao\/empenhos\">Portal da Transpar\u00eancia da Prefeitura Municipal de Cruzeiro \u2013 SP<\/a>.<\/p><p><strong>Tribunal de Contas do Estado de S\u00e3o Paulo \u2013 Painel do Terceiro Setor<\/strong><\/p><p>O\u00a0<strong>Painel do Terceiro Setor<\/strong>, desenvolvido pelo\u00a0<strong>Tribunal de Contas do Estado de S\u00e3o Paulo (TCE-SP)<\/strong>, tem como finalidade apresentar, de forma simples e acess\u00edvel, os\u00a0<strong>repasses de recursos p\u00fablicos destinados \u00e0s entidades do Terceiro Setor<\/strong>, especialmente nas \u00e1reas de\u00a0<strong>sa\u00fade, cultura, assist\u00eancia social e educa\u00e7\u00e3o<\/strong>, desde o exerc\u00edcio de\u00a0<strong>2019<\/strong>.<\/p><p>A consulta pode ser feita por:<\/p><ul><li><strong>Repasses estaduais<\/strong><\/li><li><strong>Repasses municipais<\/strong><\/li><li><strong>Entidade beneficiada<\/strong><\/li><\/ul><p>Acesse diretamente o painel atrav\u00e9s do link:<br \/><img decoding=\"async\" class=\"emoji\" role=\"img\" draggable=\"false\" src=\"https:\/\/s.w.org\/images\/core\/emoji\/16.0.1\/svg\/1f517.svg\" alt=\"\ud83d\udd17\" \/>\u00a0<a href=\"https:\/\/painel.tce.sp.gov.br\/pentaho\/api\/repos\/%3Apublic%3ATerceiroSetor%3AterceiroSetor.wcdf\/generatedContent?userid=anony&amp;password=zero\">Painel do Terceiro Setor \u2013 TCE-SP<\/a><\/p><p>A AAP Nova Esperan\u00e7a reafirma seu compromisso com a transforma\u00e7\u00e3o social, utilizando o esporte como ferramenta de inclus\u00e3o e desenvolvimento.<\/p>\t\t\t\t\t\t\t\t<\/div>\n\t\t\t\t<\/div>\n\t\t\t\t\t<\/div>\n\t\t<\/div>\n\t\t\t\t\t<\/div>\n\t\t<\/section>\n\t\t<div data-particle_enable=\"false\" data-particle-mobile-disabled=\"false\" class=\"elementor-element elementor-element-6fc5be3 e-flex e-con-boxed e-con e-parent\" data-id=\"6fc5be3\" data-element_type=\"container\" data-e-type=\"container\">\n\t\t\t\t\t<div class=\"e-con-inner\">\n\t\t\t\t<div class=\"elementor-element elementor-element-7f0d49b elementor-widget elementor-widget-posts\" data-id=\"7f0d49b\" data-element_type=\"widget\" data-e-type=\"widget\" data-widget_type=\"posts.full_content\">\n\t\t\t\t<div class=\"elementor-widget-container\">\n\t\t\t\t\t \t\t\t\t<\/div>\n\t\t\t\t<\/div>\n\t\t\t\t\t<\/div>\n\t\t\t\t<\/div>\n\t\t\t\t<\/div>\n\t\t","protected":false},"excerpt":{"rendered":"<p>AAP &#8211; NOVA ESPERAN\u00c7A TRANSPAR\u00caNCIA Parcerias Institucionais da AAP &#8211; NOVA ESPERAN\u00c7A Parceria com a Prefeitura de Cruzeiro\/SP A AAP &#8211; Nova Esperan\u00e7a atua na promo\u00e7\u00e3o da assist\u00eancia social e do esporte, cultura e desenvolvimento social de crian\u00e7as e adolescentes. Em parceria com o Poder P\u00fablico, seguimos as diretrizes do Marco Regulat\u00f3rio das OSCs (Lei [&hellip;]<\/p>\n","protected":false},"author":1,"featured_media":0,"parent":128,"menu_order":0,"comment_status":"closed","ping_status":"closed","template":"","meta":{"footnotes":""},"class_list":["post-961","page","type-page","status-publish","hentry"],"_links":{"self":[{"href":"https:\/\/site2.aapcrz.org.br\/index.php?rest_route=\/wp\/v2\/pages\/961","targetHints":{"allow":["GET"]}}],"collection":[{"href":"https:\/\/site2.aapcrz.org.br\/index.php?rest_route=\/wp\/v2\/pages"}],"about":[{"href":"https:\/\/site2.aapcrz.org.br\/index.php?rest_route=\/wp\/v2\/types\/page"}],"author":[{"embeddable":true,"href":"https:\/\/site2.aapcrz.org.br\/index.php?rest_route=\/wp\/v2\/users\/1"}],"replies":[{"embeddable":true,"href":"https:\/\/site2.aapcrz.org.br\/index.php?rest_route=%2Fwp%2Fv2%2Fcomments&post=961"}],"version-history":[{"count":43,"href":"https:\/\/site2.aapcrz.org.br\/index.php?rest_route=\/wp\/v2\/pages\/961\/revisions"}],"predecessor-version":[{"id":1425,"href":"https:\/\/site2.aapcrz.org.br\/index.php?rest_route=\/wp\/v2\/pages\/961\/revisions\/1425"}],"up":[{"embeddable":true,"href":"https:\/\/site2.aapcrz.org.br\/index.php?rest_route=\/wp\/v2\/pages\/128"}],"wp:attachment":[{"href":"https:\/\/site2.aapcrz.org.br\/index.php?rest_route=%2Fwp%2Fv2%2Fmedia&parent=961"}],"curies":[{"name":"wp","href":"https:\/\/api.w.org\/{rel}","templated":true}]}}