{"id":969,"date":"2025-04-07T04:05:49","date_gmt":"2025-04-07T04:05:49","guid":{"rendered":"https:\/\/site2.aapcrz.org.br\/?page_id=969"},"modified":"2025-06-04T15:47:02","modified_gmt":"2025-06-04T15:47:02","slug":"transparencia-aap-cruzeiro","status":"publish","type":"page","link":"https:\/\/site2.aapcrz.org.br\/?page_id=969","title":{"rendered":"AAP &#8211; Cruzeiro"},"content":{"rendered":"\t\t<div data-elementor-type=\"wp-page\" data-elementor-id=\"969\" class=\"elementor elementor-969\">\n\t\t\t\t\t\t<section data-particle_enable=\"false\" data-particle-mobile-disabled=\"false\" class=\"elementor-section elementor-top-section elementor-element elementor-element-39111926 elementor-section-boxed elementor-section-height-default elementor-section-height-default\" data-id=\"39111926\" data-element_type=\"section\" data-e-type=\"section\" data-settings=\"{&quot;background_background&quot;:&quot;classic&quot;}\">\n\t\t\t\t\t\t\t<div class=\"elementor-background-overlay\"><\/div>\n\t\t\t\t\t\t\t<div class=\"elementor-container elementor-column-gap-default\">\n\t\t\t\t\t<div class=\"elementor-column elementor-col-100 elementor-top-column elementor-element elementor-element-234fc174\" data-id=\"234fc174\" data-element_type=\"column\" data-e-type=\"column\">\n\t\t\t<div class=\"elementor-widget-wrap elementor-element-populated\">\n\t\t\t\t\t\t<section data-particle_enable=\"false\" data-particle-mobile-disabled=\"false\" class=\"elementor-section elementor-inner-section elementor-element elementor-element-2158f4ff elementor-section-content-middle elementor-section-boxed elementor-section-height-default elementor-section-height-default\" data-id=\"2158f4ff\" data-element_type=\"section\" data-e-type=\"section\">\n\t\t\t\t\t\t<div class=\"elementor-container elementor-column-gap-default\">\n\t\t\t\t\t<div class=\"elementor-column elementor-col-100 elementor-inner-column elementor-element elementor-element-58415563\" data-id=\"58415563\" data-element_type=\"column\" data-e-type=\"column\">\n\t\t\t<div class=\"elementor-widget-wrap elementor-element-populated\">\n\t\t\t\t\t\t<div class=\"elementor-element elementor-element-744347f5 elementor-invisible elementor-widget elementor-widget-heading\" data-id=\"744347f5\" data-element_type=\"widget\" data-e-type=\"widget\" data-settings=\"{&quot;_animation&quot;:&quot;fadeInUp&quot;}\" data-widget_type=\"heading.default\">\n\t\t\t\t<div class=\"elementor-widget-container\">\n\t\t\t\t\t<h1 class=\"elementor-heading-title elementor-size-default\">AAP - CRUZEIRO<br>\nTranspar\u00eancia<\/h1>\t\t\t\t<\/div>\n\t\t\t\t<\/div>\n\t\t\t\t\t<\/div>\n\t\t<\/div>\n\t\t\t\t\t<\/div>\n\t\t<\/section>\n\t\t\t\t\t<\/div>\n\t\t<\/div>\n\t\t\t\t\t<\/div>\n\t\t<\/section>\n\t\t\t\t<section data-particle_enable=\"false\" data-particle-mobile-disabled=\"false\" class=\"elementor-section elementor-top-section elementor-element elementor-element-1aa9641f elementor-section-content-middle elementor-section-boxed elementor-section-height-default elementor-section-height-default\" data-id=\"1aa9641f\" data-element_type=\"section\" data-e-type=\"section\">\n\t\t\t\t\t\t<div class=\"elementor-container elementor-column-gap-default\">\n\t\t\t\t\t<div class=\"elementor-column elementor-col-100 elementor-top-column elementor-element elementor-element-1a85e60\" data-id=\"1a85e60\" data-element_type=\"column\" data-e-type=\"column\">\n\t\t\t<div class=\"elementor-widget-wrap elementor-element-populated\">\n\t\t\t\t\t\t<div class=\"elementor-element elementor-element-5f44dac7 elementor-widget elementor-widget-text-editor\" data-id=\"5f44dac7\" data-element_type=\"widget\" data-e-type=\"widget\" data-widget_type=\"text-editor.default\">\n\t\t\t\t<div class=\"elementor-widget-container\">\n\t\t\t\t\t\t\t\t\t<p><strong>Parceria com a Prefeitura de Cruzeiro\/SP (Matriz)<\/strong><\/p><p>A Associa\u00e7\u00e3o Amando o Pr\u00f3ximo (AAP) mant\u00e9m parcerias com o Poder P\u00fablico para fortalecer a\u00e7\u00f5es sociais essenciais. Em conformidade com o Marco Regulat\u00f3rio das Organiza\u00e7\u00f5es da Sociedade Civil \u2013 MROSC (Lei n\u00ba 13.019\/2014), a organiza\u00e7\u00e3o firma Termos de Colabora\u00e7\u00e3o que garantem transpar\u00eancia, efici\u00eancia e controle social na aplica\u00e7\u00e3o dos recursos p\u00fablicos.<\/p><p>Todas as parcerias, aditamentos e presta\u00e7\u00f5es de contas s\u00e3o divulgados publicamente no site da institui\u00e7\u00e3o, seguindo a Lei de Acesso \u00e0 Informa\u00e7\u00e3o (Lei n\u00ba 12.527\/2011). Isso assegura que a sociedade possa acompanhar a gest\u00e3o dos recursos e os resultados alcan\u00e7ados.<\/p><p>Parceria Vigente \u2013 Exerc\u00edcio 2025<\/p><p>\u2022 \u00c1rea de atua\u00e7\u00e3o: Assist\u00eancia Social<\/p><p>\u2022 Objeto: Servi\u00e7o de Acolhimento Institucional \u2013 Casa de Passagem (Prote\u00e7\u00e3o Social Especial \u2013 Alta Complexidade)<\/p><p>\u2022 Termo de Colabora\u00e7\u00e3o: n\u00ba 04\/2024<\/p><p>\u2022 Aditamento: n\u00ba 08\/2025<\/p><p>\u2022 \u00d3rg\u00e3o P\u00fablico: Prefeitura Municipal de Cruzeiro<\/p><p>\u2022 Secretaria Gestora: Secretaria Municipal de Assist\u00eancia e Desenvolvimento Social<\/p><p>\u2022 CNPJ da Organiza\u00e7\u00e3o Parceira: 15.585.000\/0001-78<\/p><p>\u2022 Valor do repasse: R$ 62.000,00 (mensal)<\/p><p>\u2022 Vig\u00eancia: 01\/03\/2025 a 31\/12\/2025<\/p><p>\u2022 Situa\u00e7\u00e3o: Vigente<\/p><p><strong data-start=\"127\" data-end=\"148\">Mais informa\u00e7\u00f5es:<\/strong> Acesse o instrumento de parceria no <a class=\"\" href=\"https:\/\/pmcruzeiro.geosiap.net.br\/portal-transparencia\/execucao\/empenhos\" target=\"_new\" rel=\"noopener\" data-start=\"185\" data-end=\"325\">Portal da Transpar\u00eancia da Prefeitura Municipal de Cruzeiro \u2013 SP<\/a>.<\/p><p data-start=\"152\" data-end=\"224\"><strong data-start=\"152\" data-end=\"224\">Tribunal de Contas do Estado de S\u00e3o Paulo \u2013 Painel do Terceiro Setor<\/strong><\/p><p data-start=\"226\" data-end=\"582\">O <strong data-start=\"228\" data-end=\"256\">Painel do Terceiro Setor<\/strong>, desenvolvido pelo <strong data-start=\"276\" data-end=\"330\">Tribunal de Contas do Estado de S\u00e3o Paulo (TCE-SP)<\/strong>, tem como finalidade apresentar, de forma simples e acess\u00edvel, os <strong data-start=\"397\" data-end=\"472\">repasses de recursos p\u00fablicos destinados \u00e0s entidades do Terceiro Setor<\/strong>, especialmente nas \u00e1reas de <strong data-start=\"501\" data-end=\"550\">sa\u00fade, cultura, assist\u00eancia social e educa\u00e7\u00e3o<\/strong>, desde o exerc\u00edcio de <strong data-start=\"573\" data-end=\"581\">2019<\/strong>.<\/p><p data-start=\"584\" data-end=\"614\">A consulta pode ser feita por:<\/p><ul data-start=\"615\" data-end=\"692\"><li data-start=\"615\" data-end=\"639\"><p data-start=\"617\" data-end=\"639\"><strong data-start=\"617\" data-end=\"639\">Repasses estaduais<\/strong><\/p><\/li><li data-start=\"640\" data-end=\"665\"><p data-start=\"642\" data-end=\"665\"><strong data-start=\"642\" data-end=\"665\">Repasses municipais<\/strong><\/p><\/li><li data-start=\"666\" data-end=\"692\"><p data-start=\"668\" data-end=\"692\"><strong data-start=\"668\" data-end=\"692\">Entidade beneficiada<\/strong><\/p><\/li><\/ul><p data-start=\"694\" data-end=\"918\">Acesse diretamente o painel atrav\u00e9s do link:<br data-start=\"738\" data-end=\"741\" \/>\ud83d\udd17 <a class=\"\" href=\"https:\/\/painel.tce.sp.gov.br\/pentaho\/api\/repos\/%3Apublic%3ATerceiroSetor%3AterceiroSetor.wcdf\/generatedContent?userid=anony&amp;password=zero\" target=\"_new\" rel=\"noopener\" data-start=\"744\" data-end=\"918\">Painel do Terceiro Setor \u2013 TCE-SP<\/a><\/p><p>A AAP reafirma seu compromisso com a transpar\u00eancia, responsabilidade social e desenvolvimento humano, atuando com seriedade em parceria com o poder p\u00fablico para transformar vidas e garantir direitos \u00e0s<b> popula\u00e7\u00f5es em situa\u00e7\u00e3o de vulnerabilidade.<\/b><\/p>\t\t\t\t\t\t\t\t<\/div>\n\t\t\t\t<\/div>\n\t\t\t\t\t<\/div>\n\t\t<\/div>\n\t\t\t\t\t<\/div>\n\t\t<\/section>\n\t\t\t\t<\/div>\n\t\t","protected":false},"excerpt":{"rendered":"<p>AAP &#8211; CRUZEIRO Transpar\u00eancia Parceria com a Prefeitura de Cruzeiro\/SP (Matriz) A Associa\u00e7\u00e3o Amando o Pr\u00f3ximo (AAP) mant\u00e9m parcerias com o Poder P\u00fablico para fortalecer a\u00e7\u00f5es sociais essenciais. Em conformidade com o Marco Regulat\u00f3rio das Organiza\u00e7\u00f5es da Sociedade Civil \u2013 MROSC (Lei n\u00ba 13.019\/2014), a organiza\u00e7\u00e3o firma Termos de Colabora\u00e7\u00e3o que garantem transpar\u00eancia, efici\u00eancia e [&hellip;]<\/p>\n","protected":false},"author":1,"featured_media":0,"parent":128,"menu_order":0,"comment_status":"closed","ping_status":"closed","template":"elementor_header_footer","meta":{"footnotes":""},"class_list":["post-969","page","type-page","status-publish","hentry"],"_links":{"self":[{"href":"https:\/\/site2.aapcrz.org.br\/index.php?rest_route=\/wp\/v2\/pages\/969","targetHints":{"allow":["GET"]}}],"collection":[{"href":"https:\/\/site2.aapcrz.org.br\/index.php?rest_route=\/wp\/v2\/pages"}],"about":[{"href":"https:\/\/site2.aapcrz.org.br\/index.php?rest_route=\/wp\/v2\/types\/page"}],"author":[{"embeddable":true,"href":"https:\/\/site2.aapcrz.org.br\/index.php?rest_route=\/wp\/v2\/users\/1"}],"replies":[{"embeddable":true,"href":"https:\/\/site2.aapcrz.org.br\/index.php?rest_route=%2Fwp%2Fv2%2Fcomments&post=969"}],"version-history":[{"count":30,"href":"https:\/\/site2.aapcrz.org.br\/index.php?rest_route=\/wp\/v2\/pages\/969\/revisions"}],"predecessor-version":[{"id":1344,"href":"https:\/\/site2.aapcrz.org.br\/index.php?rest_route=\/wp\/v2\/pages\/969\/revisions\/1344"}],"up":[{"embeddable":true,"href":"https:\/\/site2.aapcrz.org.br\/index.php?rest_route=\/wp\/v2\/pages\/128"}],"wp:attachment":[{"href":"https:\/\/site2.aapcrz.org.br\/index.php?rest_route=%2Fwp%2Fv2%2Fmedia&parent=969"}],"curies":[{"name":"wp","href":"https:\/\/api.w.org\/{rel}","templated":true}]}}